{"id":973,"date":"2022-08-14T11:32:11","date_gmt":"2022-08-14T09:32:11","guid":{"rendered":"https:\/\/yah-architecture.fr\/?page_id=973"},"modified":"2024-04-25T08:49:27","modified_gmt":"2024-04-25T06:49:27","slug":"restructuration-et-extension-dune-maison","status":"publish","type":"page","link":"https:\/\/yah-architecture.fr\/?page_id=973","title":{"rendered":"Restructuration et Extension d&rsquo;une maison"},"content":{"rendered":"<div id='gallery-2' class='gallery galleryid-973 gallery-columns-1 gallery-size-full'><figure class='gallery-item'>\n\t\t\t<div class='gallery-icon landscape'>\n\t\t\t\t<a href='https:\/\/yah-architecture.fr\/?attachment_id=1081'><img loading=\"lazy\" decoding=\"async\" width=\"2560\" height=\"1719\" src=\"https:\/\/yah-architecture.fr\/wp-content\/uploads\/MEN00-scaled.jpg\" class=\"attachment-full size-full\" alt=\"\" srcset=\"https:\/\/yah-architecture.fr\/wp-content\/uploads\/MEN00-scaled.jpg 2560w, https:\/\/yah-architecture.fr\/wp-content\/uploads\/MEN00-300x201.jpg 300w, https:\/\/yah-architecture.fr\/wp-content\/uploads\/MEN00-1024x687.jpg 1024w, https:\/\/yah-architecture.fr\/wp-content\/uploads\/MEN00-768x516.jpg 768w, https:\/\/yah-architecture.fr\/wp-content\/uploads\/MEN00-1536x1031.jpg 1536w, https:\/\/yah-architecture.fr\/wp-content\/uploads\/MEN00-2048x1375.jpg 2048w, https:\/\/yah-architecture.fr\/wp-content\/uploads\/MEN00-1200x806.jpg 1200w\" sizes=\"(max-width: 709px) 85vw, (max-width: 909px) 67vw, (max-width: 1362px) 62vw, 840px\" \/><\/a>\n\t\t\t<\/div><\/figure><figure class='gallery-item'>\n\t\t\t<div class='gallery-icon landscape'>\n\t\t\t\t<a href='https:\/\/yah-architecture.fr\/?attachment_id=970'><img loading=\"lazy\" decoding=\"async\" width=\"2560\" height=\"1145\" src=\"https:\/\/yah-architecture.fr\/wp-content\/uploads\/02MEN-FACADES-PLAN-scaled.jpg\" class=\"attachment-full size-full\" alt=\"\" srcset=\"https:\/\/yah-architecture.fr\/wp-content\/uploads\/02MEN-FACADES-PLAN-scaled.jpg 2560w, https:\/\/yah-architecture.fr\/wp-content\/uploads\/02MEN-FACADES-PLAN-300x134.jpg 300w, https:\/\/yah-architecture.fr\/wp-content\/uploads\/02MEN-FACADES-PLAN-1024x458.jpg 1024w, https:\/\/yah-architecture.fr\/wp-content\/uploads\/02MEN-FACADES-PLAN-768x343.jpg 768w, https:\/\/yah-architecture.fr\/wp-content\/uploads\/02MEN-FACADES-PLAN-1536x687.jpg 1536w, https:\/\/yah-architecture.fr\/wp-content\/uploads\/02MEN-FACADES-PLAN-2048x916.jpg 2048w, https:\/\/yah-architecture.fr\/wp-content\/uploads\/02MEN-FACADES-PLAN-1200x537.jpg 1200w\" sizes=\"(max-width: 709px) 85vw, (max-width: 909px) 67vw, (max-width: 1362px) 62vw, 840px\" \/><\/a>\n\t\t\t<\/div><\/figure><figure class='gallery-item'>\n\t\t\t<div class='gallery-icon landscape'>\n\t\t\t\t<a href='https:\/\/yah-architecture.fr\/?attachment_id=972'><img loading=\"lazy\" decoding=\"async\" width=\"2560\" height=\"1081\" src=\"https:\/\/yah-architecture.fr\/wp-content\/uploads\/04MEN-INT-scaled.jpg\" class=\"attachment-full size-full\" alt=\"\" srcset=\"https:\/\/yah-architecture.fr\/wp-content\/uploads\/04MEN-INT-scaled.jpg 2560w, https:\/\/yah-architecture.fr\/wp-content\/uploads\/04MEN-INT-300x127.jpg 300w, https:\/\/yah-architecture.fr\/wp-content\/uploads\/04MEN-INT-1024x432.jpg 1024w, https:\/\/yah-architecture.fr\/wp-content\/uploads\/04MEN-INT-768x324.jpg 768w, https:\/\/yah-architecture.fr\/wp-content\/uploads\/04MEN-INT-1536x649.jpg 1536w, https:\/\/yah-architecture.fr\/wp-content\/uploads\/04MEN-INT-2048x865.jpg 2048w, https:\/\/yah-architecture.fr\/wp-content\/uploads\/04MEN-INT-1200x507.jpg 1200w\" sizes=\"(max-width: 709px) 85vw, (max-width: 909px) 67vw, (max-width: 1362px) 62vw, 840px\" \/><\/a>\n\t\t\t<\/div><\/figure><figure class='gallery-item'>\n\t\t\t<div class='gallery-icon landscape'>\n\t\t\t\t<a href='https:\/\/yah-architecture.fr\/?attachment_id=1083'><img loading=\"lazy\" decoding=\"async\" width=\"2560\" height=\"1833\" src=\"https:\/\/yah-architecture.fr\/wp-content\/uploads\/MEN03-scaled.jpg\" class=\"attachment-full size-full\" alt=\"\" srcset=\"https:\/\/yah-architecture.fr\/wp-content\/uploads\/MEN03-scaled.jpg 2560w, https:\/\/yah-architecture.fr\/wp-content\/uploads\/MEN03-300x215.jpg 300w, https:\/\/yah-architecture.fr\/wp-content\/uploads\/MEN03-1024x733.jpg 1024w, https:\/\/yah-architecture.fr\/wp-content\/uploads\/MEN03-768x550.jpg 768w, https:\/\/yah-architecture.fr\/wp-content\/uploads\/MEN03-1536x1100.jpg 1536w, https:\/\/yah-architecture.fr\/wp-content\/uploads\/MEN03-2048x1467.jpg 2048w, https:\/\/yah-architecture.fr\/wp-content\/uploads\/MEN03-1200x859.jpg 1200w\" sizes=\"(max-width: 709px) 85vw, (max-width: 909px) 67vw, (max-width: 1362px) 62vw, 840px\" \/><\/a>\n\t\t\t<\/div><\/figure><figure class='gallery-item'>\n\t\t\t<div class='gallery-icon landscape'>\n\t\t\t\t<a href='https:\/\/yah-architecture.fr\/?attachment_id=1084'><img loading=\"lazy\" decoding=\"async\" width=\"2560\" height=\"1931\" src=\"https:\/\/yah-architecture.fr\/wp-content\/uploads\/MEN04-scaled.jpg\" class=\"attachment-full size-full\" alt=\"\" srcset=\"https:\/\/yah-architecture.fr\/wp-content\/uploads\/MEN04-scaled.jpg 2560w, https:\/\/yah-architecture.fr\/wp-content\/uploads\/MEN04-300x226.jpg 300w, https:\/\/yah-architecture.fr\/wp-content\/uploads\/MEN04-1024x772.jpg 1024w, https:\/\/yah-architecture.fr\/wp-content\/uploads\/MEN04-768x579.jpg 768w, https:\/\/yah-architecture.fr\/wp-content\/uploads\/MEN04-1536x1159.jpg 1536w, https:\/\/yah-architecture.fr\/wp-content\/uploads\/MEN04-2048x1545.jpg 2048w, https:\/\/yah-architecture.fr\/wp-content\/uploads\/MEN04-1200x905.jpg 1200w\" sizes=\"(max-width: 709px) 85vw, (max-width: 909px) 67vw, (max-width: 1362px) 62vw, 840px\" \/><\/a>\n\t\t\t<\/div><\/figure><figure class='gallery-item'>\n\t\t\t<div class='gallery-icon landscape'>\n\t\t\t\t<a href='https:\/\/yah-architecture.fr\/?attachment_id=1006'><img loading=\"lazy\" decoding=\"async\" width=\"2560\" height=\"1753\" src=\"https:\/\/yah-architecture.fr\/wp-content\/uploads\/MEN01-scaled.jpg\" class=\"attachment-full size-full\" alt=\"\" srcset=\"https:\/\/yah-architecture.fr\/wp-content\/uploads\/MEN01-scaled.jpg 2560w, https:\/\/yah-architecture.fr\/wp-content\/uploads\/MEN01-300x205.jpg 300w, https:\/\/yah-architecture.fr\/wp-content\/uploads\/MEN01-1024x701.jpg 1024w, https:\/\/yah-architecture.fr\/wp-content\/uploads\/MEN01-768x526.jpg 768w, https:\/\/yah-architecture.fr\/wp-content\/uploads\/MEN01-1536x1052.jpg 1536w, https:\/\/yah-architecture.fr\/wp-content\/uploads\/MEN01-2048x1402.jpg 2048w, https:\/\/yah-architecture.fr\/wp-content\/uploads\/MEN01-1200x822.jpg 1200w\" sizes=\"(max-width: 709px) 85vw, (max-width: 909px) 67vw, (max-width: 1362px) 62vw, 840px\" \/><\/a>\n\t\t\t<\/div><\/figure>\n\t\t<\/div>\n\n<p>Restructuration du rez-de-chauss\u00e9e d&rsquo;une maison mitoyenne et Extension \u00e0 Saint-Av\u00e9 (56)<\/p>\n<p>MOA priv\u00e9e<\/p>\n<p>Mission : Etudes Pr\u00e9liminaires \u00e0 Permis de Construire<\/p>\n<p>PC accord\u00e9 en ao\u00fbt 2022, Projet construit<\/p>\n","protected":false},"excerpt":{"rendered":"<p>Restructuration du rez-de-chauss\u00e9e d&rsquo;une maison mitoyenne et Extension \u00e0 Saint-Av\u00e9 (56) MOA priv\u00e9e Mission : Etudes Pr\u00e9liminaires \u00e0 Permis de Construire PC accord\u00e9 en ao\u00fbt 2022, Projet construit<\/p>\n","protected":false},"author":1,"featured_media":0,"parent":0,"menu_order":0,"comment_status":"closed","ping_status":"closed","template":"","meta":{"footnotes":""},"_links":{"self":[{"href":"https:\/\/yah-architecture.fr\/index.php?rest_route=\/wp\/v2\/pages\/973"}],"collection":[{"href":"https:\/\/yah-architecture.fr\/index.php?rest_route=\/wp\/v2\/pages"}],"about":[{"href":"https:\/\/yah-architecture.fr\/index.php?rest_route=\/wp\/v2\/types\/page"}],"author":[{"embeddable":true,"href":"https:\/\/yah-architecture.fr\/index.php?rest_route=\/wp\/v2\/users\/1"}],"replies":[{"embeddable":true,"href":"https:\/\/yah-architecture.fr\/index.php?rest_route=%2Fwp%2Fv2%2Fcomments&post=973"}],"version-history":[{"count":9,"href":"https:\/\/yah-architecture.fr\/index.php?rest_route=\/wp\/v2\/pages\/973\/revisions"}],"predecessor-version":[{"id":1089,"href":"https:\/\/yah-architecture.fr\/index.php?rest_route=\/wp\/v2\/pages\/973\/revisions\/1089"}],"wp:attachment":[{"href":"https:\/\/yah-architecture.fr\/index.php?rest_route=%2Fwp%2Fv2%2Fmedia&parent=973"}],"curies":[{"name":"wp","href":"https:\/\/api.w.org\/{rel}","templated":true}]}}