{"id":938,"date":"2022-01-06T19:07:54","date_gmt":"2022-01-06T18:07:54","guid":{"rendered":"https:\/\/yah-architecture.fr\/?page_id=938"},"modified":"2022-08-14T11:52:10","modified_gmt":"2022-08-14T09:52:10","slug":"couverture-dune-piscine-individuelle","status":"publish","type":"page","link":"https:\/\/yah-architecture.fr\/?page_id=938","title":{"rendered":"Couverture d&rsquo;une piscine individuelle"},"content":{"rendered":"<div id='gallery-2' class='gallery galleryid-938 gallery-columns-1 gallery-size-full'><figure class='gallery-item'>\n\t\t\t<div class='gallery-icon landscape'>\n\t\t\t\t<a href='https:\/\/yah-architecture.fr\/?attachment_id=934'><img loading=\"lazy\" decoding=\"async\" width=\"2560\" height=\"2072\" src=\"https:\/\/yah-architecture.fr\/wp-content\/uploads\/02VER-pers-ext-scaled.jpg\" class=\"attachment-full size-full\" alt=\"\" srcset=\"https:\/\/yah-architecture.fr\/wp-content\/uploads\/02VER-pers-ext-scaled.jpg 2560w, https:\/\/yah-architecture.fr\/wp-content\/uploads\/02VER-pers-ext-300x243.jpg 300w, https:\/\/yah-architecture.fr\/wp-content\/uploads\/02VER-pers-ext-1024x829.jpg 1024w, https:\/\/yah-architecture.fr\/wp-content\/uploads\/02VER-pers-ext-768x622.jpg 768w, https:\/\/yah-architecture.fr\/wp-content\/uploads\/02VER-pers-ext-1536x1243.jpg 1536w, https:\/\/yah-architecture.fr\/wp-content\/uploads\/02VER-pers-ext-2048x1658.jpg 2048w, https:\/\/yah-architecture.fr\/wp-content\/uploads\/02VER-pers-ext-1200x971.jpg 1200w\" sizes=\"(max-width: 709px) 85vw, (max-width: 909px) 67vw, (max-width: 1362px) 62vw, 840px\" \/><\/a>\n\t\t\t<\/div><\/figure><figure class='gallery-item'>\n\t\t\t<div class='gallery-icon landscape'>\n\t\t\t\t<a href='https:\/\/yah-architecture.fr\/?attachment_id=933'><img loading=\"lazy\" decoding=\"async\" width=\"2560\" height=\"1620\" src=\"https:\/\/yah-architecture.fr\/wp-content\/uploads\/01VER-montage-axono-scaled.jpg\" class=\"attachment-full size-full\" alt=\"\" srcset=\"https:\/\/yah-architecture.fr\/wp-content\/uploads\/01VER-montage-axono-scaled.jpg 2560w, https:\/\/yah-architecture.fr\/wp-content\/uploads\/01VER-montage-axono-300x190.jpg 300w, https:\/\/yah-architecture.fr\/wp-content\/uploads\/01VER-montage-axono-1024x648.jpg 1024w, https:\/\/yah-architecture.fr\/wp-content\/uploads\/01VER-montage-axono-768x486.jpg 768w, https:\/\/yah-architecture.fr\/wp-content\/uploads\/01VER-montage-axono-1536x972.jpg 1536w, https:\/\/yah-architecture.fr\/wp-content\/uploads\/01VER-montage-axono-2048x1296.jpg 2048w, https:\/\/yah-architecture.fr\/wp-content\/uploads\/01VER-montage-axono-1200x759.jpg 1200w\" sizes=\"(max-width: 709px) 85vw, (max-width: 909px) 67vw, (max-width: 1362px) 62vw, 840px\" \/><\/a>\n\t\t\t<\/div><\/figure><figure class='gallery-item'>\n\t\t\t<div class='gallery-icon landscape'>\n\t\t\t\t<a href='https:\/\/yah-architecture.fr\/?attachment_id=935'><img loading=\"lazy\" decoding=\"async\" width=\"2560\" height=\"1620\" src=\"https:\/\/yah-architecture.fr\/wp-content\/uploads\/03VER-facadesPC-scaled.jpg\" class=\"attachment-full size-full\" alt=\"\" srcset=\"https:\/\/yah-architecture.fr\/wp-content\/uploads\/03VER-facadesPC-scaled.jpg 2560w, https:\/\/yah-architecture.fr\/wp-content\/uploads\/03VER-facadesPC-300x190.jpg 300w, https:\/\/yah-architecture.fr\/wp-content\/uploads\/03VER-facadesPC-1024x648.jpg 1024w, https:\/\/yah-architecture.fr\/wp-content\/uploads\/03VER-facadesPC-768x486.jpg 768w, https:\/\/yah-architecture.fr\/wp-content\/uploads\/03VER-facadesPC-1536x972.jpg 1536w, https:\/\/yah-architecture.fr\/wp-content\/uploads\/03VER-facadesPC-2048x1296.jpg 2048w, https:\/\/yah-architecture.fr\/wp-content\/uploads\/03VER-facadesPC-1200x759.jpg 1200w\" sizes=\"(max-width: 709px) 85vw, (max-width: 909px) 67vw, (max-width: 1362px) 62vw, 840px\" \/><\/a>\n\t\t\t<\/div><\/figure><figure class='gallery-item'>\n\t\t\t<div class='gallery-icon portrait'>\n\t\t\t\t<a href='https:\/\/yah-architecture.fr\/?attachment_id=936'><img loading=\"lazy\" decoding=\"async\" width=\"1761\" height=\"2560\" src=\"https:\/\/yah-architecture.fr\/wp-content\/uploads\/04VER-vues-int-scaled.jpg\" class=\"attachment-full size-full\" alt=\"\" srcset=\"https:\/\/yah-architecture.fr\/wp-content\/uploads\/04VER-vues-int-scaled.jpg 1761w, https:\/\/yah-architecture.fr\/wp-content\/uploads\/04VER-vues-int-206x300.jpg 206w, https:\/\/yah-architecture.fr\/wp-content\/uploads\/04VER-vues-int-705x1024.jpg 705w, https:\/\/yah-architecture.fr\/wp-content\/uploads\/04VER-vues-int-768x1116.jpg 768w, https:\/\/yah-architecture.fr\/wp-content\/uploads\/04VER-vues-int-1057x1536.jpg 1057w, https:\/\/yah-architecture.fr\/wp-content\/uploads\/04VER-vues-int-1409x2048.jpg 1409w, https:\/\/yah-architecture.fr\/wp-content\/uploads\/04VER-vues-int-1200x1744.jpg 1200w\" sizes=\"(max-width: 709px) 85vw, (max-width: 909px) 67vw, (max-width: 1362px) 62vw, 840px\" \/><\/a>\n\t\t\t<\/div><\/figure>\n\t\t<\/div>\n\n<p>MOA priv\u00e9e<\/p>\n<p>Mission : Etudes Pr\u00e9liminaires \u00e0 Permis de Construire<\/p>\n<p>PC accord\u00e9 en f\u00e9vrier 2022<\/p>\n","protected":false},"excerpt":{"rendered":"<p>MOA priv\u00e9e Mission : Etudes Pr\u00e9liminaires \u00e0 Permis de Construire PC accord\u00e9 en f\u00e9vrier 2022<\/p>\n","protected":false},"author":1,"featured_media":0,"parent":0,"menu_order":0,"comment_status":"closed","ping_status":"closed","template":"","meta":{"footnotes":""},"_links":{"self":[{"href":"https:\/\/yah-architecture.fr\/index.php?rest_route=\/wp\/v2\/pages\/938"}],"collection":[{"href":"https:\/\/yah-architecture.fr\/index.php?rest_route=\/wp\/v2\/pages"}],"about":[{"href":"https:\/\/yah-architecture.fr\/index.php?rest_route=\/wp\/v2\/types\/page"}],"author":[{"embeddable":true,"href":"https:\/\/yah-architecture.fr\/index.php?rest_route=\/wp\/v2\/users\/1"}],"replies":[{"embeddable":true,"href":"https:\/\/yah-architecture.fr\/index.php?rest_route=%2Fwp%2Fv2%2Fcomments&post=938"}],"version-history":[{"count":6,"href":"https:\/\/yah-architecture.fr\/index.php?rest_route=\/wp\/v2\/pages\/938\/revisions"}],"predecessor-version":[{"id":985,"href":"https:\/\/yah-architecture.fr\/index.php?rest_route=\/wp\/v2\/pages\/938\/revisions\/985"}],"wp:attachment":[{"href":"https:\/\/yah-architecture.fr\/index.php?rest_route=%2Fwp%2Fv2%2Fmedia&parent=938"}],"curies":[{"name":"wp","href":"https:\/\/api.w.org\/{rel}","templated":true}]}}