{"id":830,"date":"2021-01-17T11:52:28","date_gmt":"2021-01-17T10:52:28","guid":{"rendered":"http:\/\/yah-architecture.fr\/?page_id=830"},"modified":"2023-08-21T18:06:53","modified_gmt":"2023-08-21T16:06:53","slug":"construction-dune-maison-individuelle","status":"publish","type":"page","link":"https:\/\/yah-architecture.fr\/?page_id=830","title":{"rendered":"Construction d&rsquo;une Maison Ossature Bois"},"content":{"rendered":"<p>&nbsp;<\/p>\n<div id='gallery-2' class='gallery galleryid-830 gallery-columns-1 gallery-size-full'><figure class='gallery-item'>\n\t\t\t<div class='gallery-icon portrait'>\n\t\t\t\t<a href='https:\/\/yah-architecture.fr\/?attachment_id=1066'><img loading=\"lazy\" decoding=\"async\" width=\"1879\" height=\"2560\" src=\"https:\/\/yah-architecture.fr\/wp-content\/uploads\/CRO-MONTA012023-scaled.jpg\" class=\"attachment-full size-full\" alt=\"\" srcset=\"https:\/\/yah-architecture.fr\/wp-content\/uploads\/CRO-MONTA012023-scaled.jpg 1879w, https:\/\/yah-architecture.fr\/wp-content\/uploads\/CRO-MONTA012023-220x300.jpg 220w, https:\/\/yah-architecture.fr\/wp-content\/uploads\/CRO-MONTA012023-751x1024.jpg 751w, https:\/\/yah-architecture.fr\/wp-content\/uploads\/CRO-MONTA012023-768x1047.jpg 768w, https:\/\/yah-architecture.fr\/wp-content\/uploads\/CRO-MONTA012023-1127x1536.jpg 1127w, https:\/\/yah-architecture.fr\/wp-content\/uploads\/CRO-MONTA012023-1503x2048.jpg 1503w, https:\/\/yah-architecture.fr\/wp-content\/uploads\/CRO-MONTA012023-1200x1635.jpg 1200w\" sizes=\"(max-width: 709px) 85vw, (max-width: 909px) 67vw, (max-width: 1362px) 62vw, 840px\" \/><\/a>\n\t\t\t<\/div><\/figure><figure class='gallery-item'>\n\t\t\t<div class='gallery-icon portrait'>\n\t\t\t\t<a href='https:\/\/yah-architecture.fr\/?attachment_id=1067'><img loading=\"lazy\" decoding=\"async\" width=\"1879\" height=\"2560\" src=\"https:\/\/yah-architecture.fr\/wp-content\/uploads\/CRO-MONTA022023-scaled.jpg\" class=\"attachment-full size-full\" alt=\"\" srcset=\"https:\/\/yah-architecture.fr\/wp-content\/uploads\/CRO-MONTA022023-scaled.jpg 1879w, https:\/\/yah-architecture.fr\/wp-content\/uploads\/CRO-MONTA022023-220x300.jpg 220w, https:\/\/yah-architecture.fr\/wp-content\/uploads\/CRO-MONTA022023-751x1024.jpg 751w, https:\/\/yah-architecture.fr\/wp-content\/uploads\/CRO-MONTA022023-768x1047.jpg 768w, https:\/\/yah-architecture.fr\/wp-content\/uploads\/CRO-MONTA022023-1127x1536.jpg 1127w, https:\/\/yah-architecture.fr\/wp-content\/uploads\/CRO-MONTA022023-1503x2048.jpg 1503w, https:\/\/yah-architecture.fr\/wp-content\/uploads\/CRO-MONTA022023-1200x1635.jpg 1200w\" sizes=\"(max-width: 709px) 85vw, (max-width: 909px) 67vw, (max-width: 1362px) 62vw, 840px\" \/><\/a>\n\t\t\t<\/div><\/figure><figure class='gallery-item'>\n\t\t\t<div class='gallery-icon portrait'>\n\t\t\t\t<a href='https:\/\/yah-architecture.fr\/?attachment_id=960'><img loading=\"lazy\" decoding=\"async\" width=\"1857\" height=\"2560\" src=\"https:\/\/yah-architecture.fr\/wp-content\/uploads\/CRO-MONTB-scaled.jpg\" class=\"attachment-full size-full\" alt=\"\" srcset=\"https:\/\/yah-architecture.fr\/wp-content\/uploads\/CRO-MONTB-scaled.jpg 1857w, https:\/\/yah-architecture.fr\/wp-content\/uploads\/CRO-MONTB-218x300.jpg 218w, https:\/\/yah-architecture.fr\/wp-content\/uploads\/CRO-MONTB-743x1024.jpg 743w, https:\/\/yah-architecture.fr\/wp-content\/uploads\/CRO-MONTB-768x1059.jpg 768w, https:\/\/yah-architecture.fr\/wp-content\/uploads\/CRO-MONTB-1114x1536.jpg 1114w, https:\/\/yah-architecture.fr\/wp-content\/uploads\/CRO-MONTB-1485x2048.jpg 1485w, https:\/\/yah-architecture.fr\/wp-content\/uploads\/CRO-MONTB-1200x1654.jpg 1200w\" sizes=\"(max-width: 709px) 85vw, (max-width: 909px) 67vw, (max-width: 1362px) 62vw, 840px\" \/><\/a>\n\t\t\t<\/div><\/figure><figure class='gallery-item'>\n\t\t\t<div class='gallery-icon landscape'>\n\t\t\t\t<a href='https:\/\/yah-architecture.fr\/?attachment_id=956'><img loading=\"lazy\" decoding=\"async\" width=\"2560\" height=\"1589\" src=\"https:\/\/yah-architecture.fr\/wp-content\/uploads\/CROUAYMOB8-scaled.jpg\" class=\"attachment-full size-full\" alt=\"\" srcset=\"https:\/\/yah-architecture.fr\/wp-content\/uploads\/CROUAYMOB8-scaled.jpg 2560w, https:\/\/yah-architecture.fr\/wp-content\/uploads\/CROUAYMOB8-300x186.jpg 300w, https:\/\/yah-architecture.fr\/wp-content\/uploads\/CROUAYMOB8-1024x636.jpg 1024w, https:\/\/yah-architecture.fr\/wp-content\/uploads\/CROUAYMOB8-768x477.jpg 768w, https:\/\/yah-architecture.fr\/wp-content\/uploads\/CROUAYMOB8-1536x953.jpg 1536w, https:\/\/yah-architecture.fr\/wp-content\/uploads\/CROUAYMOB8-2048x1271.jpg 2048w, https:\/\/yah-architecture.fr\/wp-content\/uploads\/CROUAYMOB8-1200x745.jpg 1200w\" sizes=\"(max-width: 709px) 85vw, (max-width: 909px) 67vw, (max-width: 1362px) 62vw, 840px\" \/><\/a>\n\t\t\t<\/div><\/figure><figure class='gallery-item'>\n\t\t\t<div class='gallery-icon portrait'>\n\t\t\t\t<a href='https:\/\/yah-architecture.fr\/?attachment_id=915'><img loading=\"lazy\" decoding=\"async\" width=\"2541\" height=\"2560\" src=\"https:\/\/yah-architecture.fr\/wp-content\/uploads\/CROUAYMOB2-scaled.jpg\" class=\"attachment-full size-full\" alt=\"\" srcset=\"https:\/\/yah-architecture.fr\/wp-content\/uploads\/CROUAYMOB2-scaled.jpg 2541w, https:\/\/yah-architecture.fr\/wp-content\/uploads\/CROUAYMOB2-298x300.jpg 298w, https:\/\/yah-architecture.fr\/wp-content\/uploads\/CROUAYMOB2-1016x1024.jpg 1016w, https:\/\/yah-architecture.fr\/wp-content\/uploads\/CROUAYMOB2-150x150.jpg 150w, https:\/\/yah-architecture.fr\/wp-content\/uploads\/CROUAYMOB2-768x774.jpg 768w, https:\/\/yah-architecture.fr\/wp-content\/uploads\/CROUAYMOB2-1524x1536.jpg 1524w, https:\/\/yah-architecture.fr\/wp-content\/uploads\/CROUAYMOB2-2032x2048.jpg 2032w, https:\/\/yah-architecture.fr\/wp-content\/uploads\/CROUAYMOB2-1200x1209.jpg 1200w\" sizes=\"(max-width: 709px) 85vw, (max-width: 909px) 67vw, (max-width: 1362px) 62vw, 840px\" \/><\/a>\n\t\t\t<\/div><\/figure><figure class='gallery-item'>\n\t\t\t<div class='gallery-icon landscape'>\n\t\t\t\t<a href='https:\/\/yah-architecture.fr\/?attachment_id=896'><img loading=\"lazy\" decoding=\"async\" width=\"2560\" height=\"1923\" src=\"https:\/\/yah-architecture.fr\/wp-content\/uploads\/CROUAYMOB-scaled.jpg\" class=\"attachment-full size-full\" alt=\"\" srcset=\"https:\/\/yah-architecture.fr\/wp-content\/uploads\/CROUAYMOB-scaled.jpg 2560w, https:\/\/yah-architecture.fr\/wp-content\/uploads\/CROUAYMOB-300x225.jpg 300w, https:\/\/yah-architecture.fr\/wp-content\/uploads\/CROUAYMOB-1024x769.jpg 1024w, https:\/\/yah-architecture.fr\/wp-content\/uploads\/CROUAYMOB-768x577.jpg 768w, https:\/\/yah-architecture.fr\/wp-content\/uploads\/CROUAYMOB-1536x1154.jpg 1536w, https:\/\/yah-architecture.fr\/wp-content\/uploads\/CROUAYMOB-2048x1538.jpg 2048w, https:\/\/yah-architecture.fr\/wp-content\/uploads\/CROUAYMOB-1200x901.jpg 1200w\" sizes=\"(max-width: 709px) 85vw, (max-width: 909px) 67vw, (max-width: 1362px) 62vw, 840px\" \/><\/a>\n\t\t\t<\/div><\/figure>\n\t\t<\/div>\n\n<p>Construction d&rsquo;une maison individuelle \u00e0 ossature bois \u00e0 Crouay (14)<\/p>\n<p>MOA priv\u00e9e<\/p>\n<p>Mission : Etudes Pr\u00e9liminaires \u00e0 Permis de Construire<\/p>\n<p>PC accord\u00e9 mars 2021, Chantier livr\u00e9 en avril 2022 avec finitions \u00e0 r\u00e9aliser par MOA<\/p>\n","protected":false},"excerpt":{"rendered":"<p>&nbsp; Construction d&rsquo;une maison individuelle \u00e0 ossature bois \u00e0 Crouay (14) MOA priv\u00e9e Mission : Etudes Pr\u00e9liminaires \u00e0 Permis de Construire PC accord\u00e9 mars 2021, Chantier livr\u00e9 en avril 2022 avec finitions \u00e0 r\u00e9aliser par MOA<\/p>\n","protected":false},"author":1,"featured_media":0,"parent":0,"menu_order":0,"comment_status":"closed","ping_status":"closed","template":"","meta":{"footnotes":""},"_links":{"self":[{"href":"https:\/\/yah-architecture.fr\/index.php?rest_route=\/wp\/v2\/pages\/830"}],"collection":[{"href":"https:\/\/yah-architecture.fr\/index.php?rest_route=\/wp\/v2\/pages"}],"about":[{"href":"https:\/\/yah-architecture.fr\/index.php?rest_route=\/wp\/v2\/types\/page"}],"author":[{"embeddable":true,"href":"https:\/\/yah-architecture.fr\/index.php?rest_route=\/wp\/v2\/users\/1"}],"replies":[{"embeddable":true,"href":"https:\/\/yah-architecture.fr\/index.php?rest_route=%2Fwp%2Fv2%2Fcomments&post=830"}],"version-history":[{"count":23,"href":"https:\/\/yah-architecture.fr\/index.php?rest_route=\/wp\/v2\/pages\/830\/revisions"}],"predecessor-version":[{"id":1072,"href":"https:\/\/yah-architecture.fr\/index.php?rest_route=\/wp\/v2\/pages\/830\/revisions\/1072"}],"wp:attachment":[{"href":"https:\/\/yah-architecture.fr\/index.php?rest_route=%2Fwp%2Fv2%2Fmedia&parent=830"}],"curies":[{"name":"wp","href":"https:\/\/api.w.org\/{rel}","templated":true}]}}