{"id":648,"date":"2019-07-29T18:39:52","date_gmt":"2019-07-29T16:39:52","guid":{"rendered":"http:\/\/yah-architecture.fr\/?page_id=648"},"modified":"2022-08-14T11:53:51","modified_gmt":"2022-08-14T09:53:51","slug":"extension-dune-maison-bel-etage","status":"publish","type":"page","link":"https:\/\/yah-architecture.fr\/?page_id=648","title":{"rendered":"Extension d&rsquo;une maison Bel-\u00e9tage"},"content":{"rendered":"<p><img loading=\"lazy\" decoding=\"async\" class=\"aligncenter size-full wp-image-754\" src=\"https:\/\/yah-architecture.fr\/wp-content\/uploads\/Pjard01-1-scaled.jpg\" alt=\"\" width=\"2560\" height=\"1653\" srcset=\"https:\/\/yah-architecture.fr\/wp-content\/uploads\/Pjard01-1-scaled.jpg 2560w, https:\/\/yah-architecture.fr\/wp-content\/uploads\/Pjard01-1-300x194.jpg 300w, https:\/\/yah-architecture.fr\/wp-content\/uploads\/Pjard01-1-1024x661.jpg 1024w, https:\/\/yah-architecture.fr\/wp-content\/uploads\/Pjard01-1-768x496.jpg 768w, https:\/\/yah-architecture.fr\/wp-content\/uploads\/Pjard01-1-1536x992.jpg 1536w, https:\/\/yah-architecture.fr\/wp-content\/uploads\/Pjard01-1-2048x1322.jpg 2048w, https:\/\/yah-architecture.fr\/wp-content\/uploads\/Pjard01-1-1200x775.jpg 1200w\" sizes=\"(max-width: 709px) 85vw, (max-width: 909px) 67vw, (max-width: 1362px) 62vw, 840px\" \/><img loading=\"lazy\" decoding=\"async\" class=\"aligncenter size-full wp-image-746\" src=\"https:\/\/yah-architecture.fr\/wp-content\/uploads\/Pjard02-scaled.jpg\" alt=\"\" width=\"2560\" height=\"1545\" srcset=\"https:\/\/yah-architecture.fr\/wp-content\/uploads\/Pjard02-scaled.jpg 2560w, https:\/\/yah-architecture.fr\/wp-content\/uploads\/Pjard02-300x181.jpg 300w, https:\/\/yah-architecture.fr\/wp-content\/uploads\/Pjard02-1024x618.jpg 1024w, https:\/\/yah-architecture.fr\/wp-content\/uploads\/Pjard02-768x464.jpg 768w, https:\/\/yah-architecture.fr\/wp-content\/uploads\/Pjard02-1536x927.jpg 1536w, https:\/\/yah-architecture.fr\/wp-content\/uploads\/Pjard02-2048x1236.jpg 2048w, https:\/\/yah-architecture.fr\/wp-content\/uploads\/Pjard02-1200x724.jpg 1200w\" sizes=\"(max-width: 709px) 85vw, (max-width: 909px) 67vw, (max-width: 1362px) 62vw, 840px\" \/><\/p>\n<p><img loading=\"lazy\" decoding=\"async\" class=\"aligncenter size-full wp-image-713\" src=\"https:\/\/yah-architecture.fr\/wp-content\/uploads\/vuerue.jpg\" alt=\"\" width=\"3162\" height=\"2140\" srcset=\"https:\/\/yah-architecture.fr\/wp-content\/uploads\/vuerue.jpg 3162w, https:\/\/yah-architecture.fr\/wp-content\/uploads\/vuerue-300x203.jpg 300w, https:\/\/yah-architecture.fr\/wp-content\/uploads\/vuerue-768x520.jpg 768w, https:\/\/yah-architecture.fr\/wp-content\/uploads\/vuerue-1024x693.jpg 1024w, https:\/\/yah-architecture.fr\/wp-content\/uploads\/vuerue-1200x812.jpg 1200w\" sizes=\"(max-width: 709px) 85vw, (max-width: 909px) 67vw, (max-width: 1362px) 62vw, 840px\" \/> <img loading=\"lazy\" decoding=\"async\" class=\"aligncenter size-full wp-image-651\" src=\"https:\/\/yah-architecture.fr\/wp-content\/uploads\/03fa\u00e7ades.jpg\" alt=\"\" width=\"9297\" height=\"3000\" srcset=\"https:\/\/yah-architecture.fr\/wp-content\/uploads\/03fa\u00e7ades.jpg 9297w, https:\/\/yah-architecture.fr\/wp-content\/uploads\/03fa\u00e7ades-300x97.jpg 300w, https:\/\/yah-architecture.fr\/wp-content\/uploads\/03fa\u00e7ades-768x248.jpg 768w, https:\/\/yah-architecture.fr\/wp-content\/uploads\/03fa\u00e7ades-1024x330.jpg 1024w, https:\/\/yah-architecture.fr\/wp-content\/uploads\/03fa\u00e7ades-1200x387.jpg 1200w\" sizes=\"(max-width: 709px) 85vw, (max-width: 909px) 67vw, (max-width: 1362px) 62vw, 840px\" \/> <img loading=\"lazy\" decoding=\"async\" class=\"aligncenter size-full wp-image-652\" src=\"https:\/\/yah-architecture.fr\/wp-content\/uploads\/04axonos.jpg\" alt=\"\" width=\"10500\" height=\"3000\" srcset=\"https:\/\/yah-architecture.fr\/wp-content\/uploads\/04axonos.jpg 10500w, https:\/\/yah-architecture.fr\/wp-content\/uploads\/04axonos-300x86.jpg 300w, https:\/\/yah-architecture.fr\/wp-content\/uploads\/04axonos-768x219.jpg 768w, https:\/\/yah-architecture.fr\/wp-content\/uploads\/04axonos-1024x293.jpg 1024w, https:\/\/yah-architecture.fr\/wp-content\/uploads\/04axonos-1200x343.jpg 1200w\" sizes=\"(max-width: 709px) 85vw, (max-width: 909px) 67vw, (max-width: 1362px) 62vw, 840px\" \/> <img loading=\"lazy\" decoding=\"async\" class=\"aligncenter size-full wp-image-653\" src=\"https:\/\/yah-architecture.fr\/wp-content\/uploads\/05planRdC.jpg\" alt=\"\" width=\"6232\" height=\"3000\" srcset=\"https:\/\/yah-architecture.fr\/wp-content\/uploads\/05planRdC.jpg 6232w, https:\/\/yah-architecture.fr\/wp-content\/uploads\/05planRdC-300x144.jpg 300w, https:\/\/yah-architecture.fr\/wp-content\/uploads\/05planRdC-768x370.jpg 768w, https:\/\/yah-architecture.fr\/wp-content\/uploads\/05planRdC-1024x493.jpg 1024w, https:\/\/yah-architecture.fr\/wp-content\/uploads\/05planRdC-1200x578.jpg 1200w\" sizes=\"(max-width: 709px) 85vw, (max-width: 909px) 67vw, (max-width: 1362px) 62vw, 840px\" \/> <img loading=\"lazy\" decoding=\"async\" class=\"aligncenter size-full wp-image-747\" src=\"https:\/\/yah-architecture.fr\/wp-content\/uploads\/Pint01-scaled.jpg\" alt=\"\" width=\"2560\" height=\"1562\" srcset=\"https:\/\/yah-architecture.fr\/wp-content\/uploads\/Pint01-scaled.jpg 2560w, https:\/\/yah-architecture.fr\/wp-content\/uploads\/Pint01-300x183.jpg 300w, https:\/\/yah-architecture.fr\/wp-content\/uploads\/Pint01-1024x625.jpg 1024w, https:\/\/yah-architecture.fr\/wp-content\/uploads\/Pint01-768x468.jpg 768w, https:\/\/yah-architecture.fr\/wp-content\/uploads\/Pint01-1536x937.jpg 1536w, https:\/\/yah-architecture.fr\/wp-content\/uploads\/Pint01-2048x1249.jpg 2048w, https:\/\/yah-architecture.fr\/wp-content\/uploads\/Pint01-1200x732.jpg 1200w\" sizes=\"(max-width: 709px) 85vw, (max-width: 909px) 67vw, (max-width: 1362px) 62vw, 840px\" \/> <img loading=\"lazy\" decoding=\"async\" class=\"aligncenter size-full wp-image-748\" src=\"https:\/\/yah-architecture.fr\/wp-content\/uploads\/Pint02-scaled.jpg\" alt=\"\" width=\"2560\" height=\"1406\" srcset=\"https:\/\/yah-architecture.fr\/wp-content\/uploads\/Pint02-scaled.jpg 2560w, https:\/\/yah-architecture.fr\/wp-content\/uploads\/Pint02-300x165.jpg 300w, https:\/\/yah-architecture.fr\/wp-content\/uploads\/Pint02-1024x563.jpg 1024w, https:\/\/yah-architecture.fr\/wp-content\/uploads\/Pint02-768x422.jpg 768w, https:\/\/yah-architecture.fr\/wp-content\/uploads\/Pint02-1536x844.jpg 1536w, https:\/\/yah-architecture.fr\/wp-content\/uploads\/Pint02-2048x1125.jpg 2048w, https:\/\/yah-architecture.fr\/wp-content\/uploads\/Pint02-1200x659.jpg 1200w\" sizes=\"(max-width: 709px) 85vw, (max-width: 909px) 67vw, (max-width: 1362px) 62vw, 840px\" \/> <img loading=\"lazy\" decoding=\"async\" class=\"aligncenter size-full wp-image-750\" src=\"https:\/\/yah-architecture.fr\/wp-content\/uploads\/Pint04-scaled.jpg\" alt=\"\" width=\"2560\" height=\"1567\" srcset=\"https:\/\/yah-architecture.fr\/wp-content\/uploads\/Pint04-scaled.jpg 2560w, https:\/\/yah-architecture.fr\/wp-content\/uploads\/Pint04-300x184.jpg 300w, https:\/\/yah-architecture.fr\/wp-content\/uploads\/Pint04-1024x627.jpg 1024w, https:\/\/yah-architecture.fr\/wp-content\/uploads\/Pint04-768x470.jpg 768w, https:\/\/yah-architecture.fr\/wp-content\/uploads\/Pint04-1536x940.jpg 1536w, https:\/\/yah-architecture.fr\/wp-content\/uploads\/Pint04-2048x1253.jpg 2048w, https:\/\/yah-architecture.fr\/wp-content\/uploads\/Pint04-1200x734.jpg 1200w\" sizes=\"(max-width: 709px) 85vw, (max-width: 909px) 67vw, (max-width: 1362px) 62vw, 840px\" \/> <img loading=\"lazy\" decoding=\"async\" class=\"aligncenter size-full wp-image-655\" src=\"https:\/\/yah-architecture.fr\/wp-content\/uploads\/07coupelongiDCE.jpg\" alt=\"\" width=\"8161\" height=\"3000\" srcset=\"https:\/\/yah-architecture.fr\/wp-content\/uploads\/07coupelongiDCE.jpg 8161w, https:\/\/yah-architecture.fr\/wp-content\/uploads\/07coupelongiDCE-300x110.jpg 300w, https:\/\/yah-architecture.fr\/wp-content\/uploads\/07coupelongiDCE-768x282.jpg 768w, https:\/\/yah-architecture.fr\/wp-content\/uploads\/07coupelongiDCE-1024x376.jpg 1024w, https:\/\/yah-architecture.fr\/wp-content\/uploads\/07coupelongiDCE-1200x441.jpg 1200w\" sizes=\"(max-width: 709px) 85vw, (max-width: 909px) 67vw, (max-width: 1362px) 62vw, 840px\" \/> <img loading=\"lazy\" decoding=\"async\" class=\"aligncenter size-full wp-image-656\" src=\"https:\/\/yah-architecture.fr\/wp-content\/uploads\/08coupetransDCE.jpg\" alt=\"\" width=\"5799\" height=\"3000\" srcset=\"https:\/\/yah-architecture.fr\/wp-content\/uploads\/08coupetransDCE.jpg 5799w, https:\/\/yah-architecture.fr\/wp-content\/uploads\/08coupetransDCE-300x155.jpg 300w, https:\/\/yah-architecture.fr\/wp-content\/uploads\/08coupetransDCE-768x397.jpg 768w, https:\/\/yah-architecture.fr\/wp-content\/uploads\/08coupetransDCE-1024x530.jpg 1024w, https:\/\/yah-architecture.fr\/wp-content\/uploads\/08coupetransDCE-1200x621.jpg 1200w\" sizes=\"(max-width: 709px) 85vw, (max-width: 909px) 67vw, (max-width: 1362px) 62vw, 840px\" \/> <img loading=\"lazy\" decoding=\"async\" class=\"aligncenter size-full wp-image-657\" src=\"https:\/\/yah-architecture.fr\/wp-content\/uploads\/09photofacadeexist.jpg\" alt=\"\" width=\"2565\" height=\"3000\" srcset=\"https:\/\/yah-architecture.fr\/wp-content\/uploads\/09photofacadeexist.jpg 2565w, https:\/\/yah-architecture.fr\/wp-content\/uploads\/09photofacadeexist-257x300.jpg 257w, https:\/\/yah-architecture.fr\/wp-content\/uploads\/09photofacadeexist-768x898.jpg 768w, https:\/\/yah-architecture.fr\/wp-content\/uploads\/09photofacadeexist-876x1024.jpg 876w, https:\/\/yah-architecture.fr\/wp-content\/uploads\/09photofacadeexist-1200x1404.jpg 1200w\" sizes=\"(max-width: 709px) 85vw, (max-width: 909px) 67vw, (max-width: 1362px) 62vw, 840px\" \/><br \/>\n<img loading=\"lazy\" decoding=\"async\" class=\"aligncenter size-full wp-image-691\" src=\"https:\/\/yah-architecture.fr\/wp-content\/uploads\/20190808_100208.jpg\" alt=\"\" width=\"4608\" height=\"2592\" srcset=\"https:\/\/yah-architecture.fr\/wp-content\/uploads\/20190808_100208.jpg 4608w, https:\/\/yah-architecture.fr\/wp-content\/uploads\/20190808_100208-300x169.jpg 300w, https:\/\/yah-architecture.fr\/wp-content\/uploads\/20190808_100208-768x432.jpg 768w, https:\/\/yah-architecture.fr\/wp-content\/uploads\/20190808_100208-1024x576.jpg 1024w, https:\/\/yah-architecture.fr\/wp-content\/uploads\/20190808_100208-1200x675.jpg 1200w\" sizes=\"(max-width: 709px) 85vw, (max-width: 909px) 67vw, (max-width: 1362px) 62vw, 840px\" \/><\/p>\n<p><img loading=\"lazy\" decoding=\"async\" class=\"aligncenter size-full wp-image-700\" src=\"https:\/\/yah-architecture.fr\/wp-content\/uploads\/chantier07.jpg\" alt=\"\" width=\"3000\" height=\"1687\" srcset=\"https:\/\/yah-architecture.fr\/wp-content\/uploads\/chantier07.jpg 3000w, https:\/\/yah-architecture.fr\/wp-content\/uploads\/chantier07-300x169.jpg 300w, https:\/\/yah-architecture.fr\/wp-content\/uploads\/chantier07-768x432.jpg 768w, https:\/\/yah-architecture.fr\/wp-content\/uploads\/chantier07-1024x576.jpg 1024w, https:\/\/yah-architecture.fr\/wp-content\/uploads\/chantier07-1200x675.jpg 1200w\" sizes=\"(max-width: 709px) 85vw, (max-width: 909px) 67vw, (max-width: 1362px) 62vw, 840px\" \/><\/p>\n<p>&nbsp;<\/p>\n<p>Extension d&rsquo;une maison Bel-\u00e9tage \u00e0 Saint-Andr\u00e9-lez-Lille (59)<\/p>\n<p style=\"text-align: left;\">MOA priv\u00e9e<\/p>\n<p style=\"text-align: left;\">Mission compl\u00e8te<\/p>\n<p style=\"text-align: left;\">Livr\u00e9 en d\u00e9cembre 2019<\/p>\n","protected":false},"excerpt":{"rendered":"<p>&nbsp; Extension d&rsquo;une maison Bel-\u00e9tage \u00e0 Saint-Andr\u00e9-lez-Lille (59) MOA priv\u00e9e Mission compl\u00e8te Livr\u00e9 en d\u00e9cembre 2019<\/p>\n","protected":false},"author":1,"featured_media":0,"parent":0,"menu_order":0,"comment_status":"closed","ping_status":"closed","template":"","meta":{"footnotes":""},"_links":{"self":[{"href":"https:\/\/yah-architecture.fr\/index.php?rest_route=\/wp\/v2\/pages\/648"}],"collection":[{"href":"https:\/\/yah-architecture.fr\/index.php?rest_route=\/wp\/v2\/pages"}],"about":[{"href":"https:\/\/yah-architecture.fr\/index.php?rest_route=\/wp\/v2\/types\/page"}],"author":[{"embeddable":true,"href":"https:\/\/yah-architecture.fr\/index.php?rest_route=\/wp\/v2\/users\/1"}],"replies":[{"embeddable":true,"href":"https:\/\/yah-architecture.fr\/index.php?rest_route=%2Fwp%2Fv2%2Fcomments&post=648"}],"version-history":[{"count":15,"href":"https:\/\/yah-architecture.fr\/index.php?rest_route=\/wp\/v2\/pages\/648\/revisions"}],"predecessor-version":[{"id":755,"href":"https:\/\/yah-architecture.fr\/index.php?rest_route=\/wp\/v2\/pages\/648\/revisions\/755"}],"wp:attachment":[{"href":"https:\/\/yah-architecture.fr\/index.php?rest_route=%2Fwp%2Fv2%2Fmedia&parent=648"}],"curies":[{"name":"wp","href":"https:\/\/api.w.org\/{rel}","templated":true}]}}