{"id":642,"date":"2019-02-07T11:35:25","date_gmt":"2019-02-07T10:35:25","guid":{"rendered":"http:\/\/yah-architecture.fr\/?page_id=642"},"modified":"2022-08-14T11:50:31","modified_gmt":"2022-08-14T09:50:31","slug":"construction-dune-maison-a-ossature-bois","status":"publish","type":"page","link":"https:\/\/yah-architecture.fr\/?page_id=642","title":{"rendered":"Construction d&rsquo;une maison \u00e0 ossature bois plain-pied"},"content":{"rendered":"<p>&nbsp;<\/p>\n<p><img loading=\"lazy\" decoding=\"async\" class=\"aligncenter wp-image-637 size-full\" src=\"https:\/\/yah-architecture.fr\/wp-content\/uploads\/A.jpg\" alt=\"\" width=\"3000\" height=\"1437\" srcset=\"https:\/\/yah-architecture.fr\/wp-content\/uploads\/A.jpg 3000w, https:\/\/yah-architecture.fr\/wp-content\/uploads\/A-300x144.jpg 300w, https:\/\/yah-architecture.fr\/wp-content\/uploads\/A-768x368.jpg 768w, https:\/\/yah-architecture.fr\/wp-content\/uploads\/A-1024x490.jpg 1024w, https:\/\/yah-architecture.fr\/wp-content\/uploads\/A-1200x575.jpg 1200w\" sizes=\"(max-width: 709px) 85vw, (max-width: 909px) 67vw, (max-width: 1362px) 62vw, 840px\" \/> <img loading=\"lazy\" decoding=\"async\" class=\"aligncenter wp-image-638 size-full\" src=\"https:\/\/yah-architecture.fr\/wp-content\/uploads\/B.jpg\" alt=\"\" width=\"3000\" height=\"1254\" srcset=\"https:\/\/yah-architecture.fr\/wp-content\/uploads\/B.jpg 3000w, https:\/\/yah-architecture.fr\/wp-content\/uploads\/B-300x125.jpg 300w, https:\/\/yah-architecture.fr\/wp-content\/uploads\/B-768x321.jpg 768w, https:\/\/yah-architecture.fr\/wp-content\/uploads\/B-1024x428.jpg 1024w, https:\/\/yah-architecture.fr\/wp-content\/uploads\/B-1200x502.jpg 1200w\" sizes=\"(max-width: 709px) 85vw, (max-width: 909px) 67vw, (max-width: 1362px) 62vw, 840px\" \/><img loading=\"lazy\" decoding=\"async\" class=\"aligncenter size-full wp-image-641\" src=\"https:\/\/yah-architecture.fr\/wp-content\/uploads\/E.jpg\" alt=\"\" width=\"3000\" height=\"1168\" srcset=\"https:\/\/yah-architecture.fr\/wp-content\/uploads\/E.jpg 3000w, https:\/\/yah-architecture.fr\/wp-content\/uploads\/E-300x117.jpg 300w, https:\/\/yah-architecture.fr\/wp-content\/uploads\/E-768x299.jpg 768w, https:\/\/yah-architecture.fr\/wp-content\/uploads\/E-1024x399.jpg 1024w, https:\/\/yah-architecture.fr\/wp-content\/uploads\/E-1200x467.jpg 1200w\" sizes=\"(max-width: 709px) 85vw, (max-width: 909px) 67vw, (max-width: 1362px) 62vw, 840px\" \/><img loading=\"lazy\" decoding=\"async\" class=\"aligncenter size-full wp-image-640\" src=\"https:\/\/yah-architecture.fr\/wp-content\/uploads\/D.jpg\" alt=\"\" width=\"3000\" height=\"2265\" srcset=\"https:\/\/yah-architecture.fr\/wp-content\/uploads\/D.jpg 3000w, https:\/\/yah-architecture.fr\/wp-content\/uploads\/D-300x227.jpg 300w, https:\/\/yah-architecture.fr\/wp-content\/uploads\/D-768x580.jpg 768w, https:\/\/yah-architecture.fr\/wp-content\/uploads\/D-1024x773.jpg 1024w, https:\/\/yah-architecture.fr\/wp-content\/uploads\/D-1200x906.jpg 1200w\" sizes=\"(max-width: 709px) 85vw, (max-width: 909px) 67vw, (max-width: 1362px) 62vw, 840px\" \/><br \/>\n<img loading=\"lazy\" decoding=\"async\" class=\"aligncenter size-full wp-image-639\" src=\"https:\/\/yah-architecture.fr\/wp-content\/uploads\/C.jpg\" alt=\"\" width=\"3000\" height=\"1404\" srcset=\"https:\/\/yah-architecture.fr\/wp-content\/uploads\/C.jpg 3000w, https:\/\/yah-architecture.fr\/wp-content\/uploads\/C-300x140.jpg 300w, https:\/\/yah-architecture.fr\/wp-content\/uploads\/C-768x359.jpg 768w, https:\/\/yah-architecture.fr\/wp-content\/uploads\/C-1024x479.jpg 1024w, https:\/\/yah-architecture.fr\/wp-content\/uploads\/C-1200x562.jpg 1200w\" sizes=\"(max-width: 709px) 85vw, (max-width: 909px) 67vw, (max-width: 1362px) 62vw, 840px\" \/><\/p>\n<p><img loading=\"lazy\" decoding=\"async\" class=\"aligncenter size-full wp-image-702\" src=\"https:\/\/yah-architecture.fr\/wp-content\/uploads\/2019-09-montage.jpg\" alt=\"\" width=\"3000\" height=\"585\" srcset=\"https:\/\/yah-architecture.fr\/wp-content\/uploads\/2019-09-montage.jpg 3000w, https:\/\/yah-architecture.fr\/wp-content\/uploads\/2019-09-montage-300x59.jpg 300w, https:\/\/yah-architecture.fr\/wp-content\/uploads\/2019-09-montage-768x150.jpg 768w, https:\/\/yah-architecture.fr\/wp-content\/uploads\/2019-09-montage-1024x200.jpg 1024w, https:\/\/yah-architecture.fr\/wp-content\/uploads\/2019-09-montage-1200x234.jpg 1200w\" sizes=\"(max-width: 709px) 85vw, (max-width: 909px) 67vw, (max-width: 1362px) 62vw, 840px\" \/><\/p>\n<p>Construction d&rsquo;une maison \u00e0 ossature bois de plain-pied \u00e0 Bouguenais (44)<\/p>\n<p>MOA priv\u00e9e<\/p>\n<p>Mission partielle Etudes Pr\u00e9liminaires<\/p>\n<p>2018<\/p>\n<p>Chantier livr\u00e9 en 2019 sur projet modifi\u00e9<\/p>\n","protected":false},"excerpt":{"rendered":"<p>&nbsp; Construction d&rsquo;une maison \u00e0 ossature bois de plain-pied \u00e0 Bouguenais (44) MOA priv\u00e9e Mission partielle Etudes Pr\u00e9liminaires 2018 Chantier livr\u00e9 en 2019 sur projet modifi\u00e9<\/p>\n","protected":false},"author":1,"featured_media":0,"parent":0,"menu_order":0,"comment_status":"closed","ping_status":"closed","template":"","meta":{"footnotes":""},"_links":{"self":[{"href":"https:\/\/yah-architecture.fr\/index.php?rest_route=\/wp\/v2\/pages\/642"}],"collection":[{"href":"https:\/\/yah-architecture.fr\/index.php?rest_route=\/wp\/v2\/pages"}],"about":[{"href":"https:\/\/yah-architecture.fr\/index.php?rest_route=\/wp\/v2\/types\/page"}],"author":[{"embeddable":true,"href":"https:\/\/yah-architecture.fr\/index.php?rest_route=\/wp\/v2\/users\/1"}],"replies":[{"embeddable":true,"href":"https:\/\/yah-architecture.fr\/index.php?rest_route=%2Fwp%2Fv2%2Fcomments&post=642"}],"version-history":[{"count":9,"href":"https:\/\/yah-architecture.fr\/index.php?rest_route=\/wp\/v2\/pages\/642\/revisions"}],"predecessor-version":[{"id":983,"href":"https:\/\/yah-architecture.fr\/index.php?rest_route=\/wp\/v2\/pages\/642\/revisions\/983"}],"wp:attachment":[{"href":"https:\/\/yah-architecture.fr\/index.php?rest_route=%2Fwp%2Fv2%2Fmedia&parent=642"}],"curies":[{"name":"wp","href":"https:\/\/api.w.org\/{rel}","templated":true}]}}