{"id":586,"date":"2018-09-23T11:06:32","date_gmt":"2018-09-23T09:06:32","guid":{"rendered":"http:\/\/yah-architecture.fr\/?page_id=586"},"modified":"2026-01-01T19:16:42","modified_gmt":"2026-01-01T18:16:42","slug":"586-2","status":"publish","type":"page","link":"https:\/\/yah-architecture.fr\/?page_id=586","title":{"rendered":"Mentions l\u00e9gales"},"content":{"rendered":"<pre class=\"western\"><span style=\"font-family: Calibri, sans-serif;\"><span style=\"font-size: medium;\"><span style=\"color: #232323;\"><span style=\"font-family: quot;\"><span style=\"font-size: small;\"><u>R\u00e8gles professionnelles et titre<\/u><\/span><\/span><\/span><span style=\"color: #232323;\"><span style=\"font-family: quot;\"><span style=\"font-size: small;\">\u00a0:<\/span><\/span><\/span><\/span><\/span>\r\n\r\n<strong><span style=\"font-family: Calibri, sans-serif;\"><span style=\"font-size: medium;\"><span style=\"color: #232323;\"><span style=\"font-family: quot;\"><span style=\"font-size: small;\">En tant que professio<\/span><\/span><\/span><\/span><\/span><span style=\"font-family: Calibri, sans-serif;\"><span style=\"font-size: medium;\"><span style=\"color: #232323;\"><span style=\"font-family: quot;\"><span style=\"font-size: small;\">n r\u00e9gleme<\/span><\/span><\/span><\/span><\/span><span style=\"font-family: Calibri, sans-serif;\"><span style=\"font-size: medium;\"><span style=\"color: #232323;\"><span style=\"font-family: quot;\"><span style=\"font-size: small;\">nt\u00e9e YAH Architecture ob\u00e9it au <\/span><\/span><\/span><span style=\"color: #000000;\"><span style=\"font-family: quot;\"><span style=\"font-size: small;\">Code de d\u00e9ontologie des architectes <\/span><\/span><\/span><span style=\"color: #000000;\"><span style=\"font-family: quot;\"><span style=\"font-size: small;\">paru au <\/span><\/span><\/span><span style=\"color: #000000;\"><span style=\"font-family: quot;\"><span style=\"font-size: small;\">J<\/span><\/span><\/span><span style=\"color: #000000;\"><span style=\"font-family: quot;\"><span style=\"font-size: small;\">O<\/span><\/span><\/span><span style=\"color: #000000;\"><span style=\"font-family: quot;\"><span style=\"font-size: small;\"> du 25 mars 1980 et rectificatif J.O. \u2013 N.C. du 21 juin 1980, <\/span><\/span><\/span><span style=\"color: #000000;\"><span style=\"font-family: quot;\"><span style=\"font-size: small;\">v<\/span><\/span><\/span><span style=\"color: #000000;\"><span style=\"font-family: quot;\"><span style=\"font-size: small;\">ersion consolid\u00e9e au 23 septembre 1992.<\/span><\/span><\/span><\/span><\/span><\/strong>\r\n\r\n<span style=\"color: #1a1a1a;\"><span style=\"font-family: quot;\"><span style=\"font-size: small;\">Yannick Hord\u00e9 <\/span><\/span><\/span><span style=\"color: #232323;\"><span style=\"font-family: quot;\"><span style=\"font-size: small;\">a o<\/span><\/span><\/span><span style=\"color: #1a1a1a;\"><span style=\"font-family: quot;\"><span style=\"font-size: small;\">b<\/span><\/span><\/span><span style=\"color: #1a1a1a;\"><span style=\"font-family: quot;\"><span style=\"font-size: small;\">tenu le <\/span><\/span><\/span><span style=\"color: #1a1a1a;\"><span style=\"font-family: quot;\"><span style=\"font-size: small;\">Dipl\u00f4me de 3\u00e8me cycle d\u2019architecte DPLG<\/span><\/span><\/span><span style=\"color: #1a1a1a;\"><span style=\"font-family: quot;\"><span style=\"font-size: small;\"> \u00e0 l\u2019Ecole Nationale Sup\u00e9rieure d\u2019Architecture de Normandie \u00e0 Rouen en 2005.<\/span><\/span><\/span>\r\n\r\n<span style=\"color: #1a1a1a;\"><span style=\"font-family: quot;\"><span style=\"font-size: small;\">Yann<\/span><\/span><\/span><span style=\"color: #1a1a1a;\"><span style=\"font-family: quot;\"><span style=\"font-size: small;\">ick Hord\u00e9 est <\/span><\/span><\/span><span style=\"color: #1a1a1a;\"><span style=\"font-family: quot;\"><span style=\"font-size: small;\">inscrit au Tableau R\u00e9gional de l\u2019Ordre des Architectes Pays-de-la-Loire<\/span><\/span><\/span><span style=\"color: #1a1a1a;\"><span style=\"font-family: quot;\"><span style=\"font-size: small;\"> sous le n\u00b0072714. <\/span><\/span><\/span><\/pre>\n<pre class=\"western\"><span style=\"color: #1a1a1a;\"><span style=\"font-family: quot;\"><span style=\"font-size: small;\"><u>Pr\u00e9sentation du site\u00a0:<\/u><\/span><\/span><\/span>\r\n\r\n<span style=\"color: #1a1a1a;\"><span style=\"font-family: quot;\"><span style=\"font-size: small;\">Propri\u00e9taire<\/span><\/span><\/span><span style=\"color: #1a1a1a;\"><span style=\"font-family: quot;\"><span style=\"font-size: small;\"> : Y<\/span><\/span><\/span><span style=\"color: #1a1a1a;\"><span style=\"font-family: quot;\"><span style=\"font-size: small;\">AH ARCHITECTURE, Yannick Hord\u00e9 Architecte<\/span><\/span><\/span><span style=\"color: #1a1a1a;\"><span style=\"font-family: quot;\"><span style=\"font-size: small;\"> \u2013 EI \u2013 1 La Vinaudais, 44320 SAINT-PERE-EN-RETZ\r\n<\/span><\/span><\/span><span style=\"color: #1a1a1a;\"><span style=\"font-family: quot;\"><span style=\"font-size: small;\">N\u00b0<\/span><\/span><\/span><span style=\"color: #1a1a1a;\"><span style=\"font-family: quot;\"><span style=\"font-size: small;\">SIRET<\/span><\/span><\/span><span style=\"color: #1a1a1a;\"><span style=\"font-family: quot;\"><span style=\"font-size: small;\"> : 84185109000032 \u2013 <\/span><\/span><\/span><span style=\"color: #1a1a1a;\"><span style=\"font-family: quot;\"><span style=\"font-size: small;\">N\u00b0TVAintracommunautaire\u00a0: FR75841851090<\/span><\/span><\/span>\r\n<span style=\"color: #1a1a1a;\"><span style=\"font-family: quot;\"><span style=\"font-size: small;\">Cr\u00e9ateur<\/span><\/span><\/span><span style=\"color: #1a1a1a;\"><span style=\"font-family: quot;\"><span style=\"font-size: small;\"> :<\/span><\/span><\/span> <span style=\"color: #000000;\"><span style=\"font-family: quot;\"><span style=\"font-size: small;\">Yannick <\/span><\/span><\/span><span style=\"color: #000000;\"><span style=\"font-family: quot;\"><span style=\"font-size: small;\">Hord\u00e9<\/span><\/span><\/span>\r\n<span style=\"color: #1a1a1a;\"><span style=\"font-family: quot;\"><span style=\"font-size: small;\">Responsable publication<\/span><\/span><\/span><span style=\"color: #1a1a1a;\"><span style=\"font-family: quot;\"><span style=\"font-size: small;\"> : Yannick <\/span><\/span><\/span><span style=\"color: #1a1a1a;\"><span style=\"font-family: quot;\"><span style=\"font-size: small;\">Hord\u00e9<\/span><\/span><\/span><span style=\"color: #1a1a1a;\"><span style=\"font-family: quot;\"><span style=\"font-size: small;\"> \u2013 contact@yah-architecture.fr\r\n<\/span><\/span><\/span><span style=\"color: #1a1a1a;\"><span style=\"font-family: quot;\"><span style=\"font-size: small;\">Webmaster<\/span><\/span><\/span><span style=\"color: #1a1a1a;\"><span style=\"font-family: quot;\"><span style=\"font-size: small;\"> : Yannick <\/span><\/span><\/span><span style=\"color: #1a1a1a;\"><span style=\"font-family: quot;\"><span style=\"font-size: small;\">Hord\u00e9<\/span><\/span><\/span><span style=\"color: #1a1a1a;\"><span style=\"font-family: quot;\"><span style=\"font-size: small;\"> \u2013 contact@yah-architecture.fr\r\n<\/span><\/span><\/span><span style=\"color: #1a1a1a;\"><span style=\"font-family: quot;\"><span style=\"font-size: small;\">H\u00e9bergeur<\/span><\/span><\/span><span style=\"color: #1a1a1a;\"><span style=\"font-family: quot;\"><span style=\"font-size: small;\"> : OVH \u2013 2 rue Kellermann, 59100 ROUBAIX<\/span><\/span><\/span><\/pre>\n<pre class=\"western\"><span style=\"color: #1a1a1a;\"><span style=\"font-family: quot;\"><span style=\"font-size: small;\"><u>Services fournis\u00a0:<\/u><\/span><\/span><\/span>\r\n\r\n<span style=\"color: #1a1a1a;\"><span style=\"font-family: quot;\"><span style=\"font-size: small;\">Le site a pour objet de fournir une information concernant l\u2019ensemble des activit\u00e9s de l\u2019entreprise.<\/span><\/span><\/span>\r\n\r\n<span style=\"color: #1a1a1a;\"><span style=\"font-family: quot;\"><span style=\"font-size: small;\">YAH ARCHITECTURE s\u2019efforce de fournir sur le site des informations aussi pr\u00e9cises que possible. Toutefois, il ne pourra \u00eatre tenu responsable des omissions, des inexactitudes et des carences dans la mise \u00e0 jour, qu\u2019elles soient de son fait ou du fait des tiers partenaires qui lui fournissent ces informations.<\/span><\/span><\/span>\r\n\r\n<span style=\"color: #1a1a1a;\"><span style=\"font-family: quot;\"><span style=\"font-size: small;\">Tous les informations indiqu\u00e9es sur le site sont donn\u00e9es \u00e0 titre indicatif, et sont susceptibles d\u2019\u00e9voluer. Par ailleurs, les renseignements figurant sur le site ne sont pas exhaustifs. Ils sont donn\u00e9s sous r\u00e9serve de modifications ayant \u00e9t\u00e9 apport\u00e9es depuis leur mise en ligne.<\/span><\/span><\/span><\/pre>\n<pre class=\"western\"><span style=\"color: #1a1a1a;\"><span style=\"font-family: quot;\"><span style=\"font-size: small;\"><u>Propri\u00e9t\u00e9 intellectuelle et contrefa\u00e7ons\u00a0:<\/u><\/span><\/span><\/span>\r\n\r\n<span style=\"color: #1a1a1a;\"><span style=\"font-family: quot;\"><span style=\"font-size: small;\">YAH ARCHITECTURE est propri\u00e9taire des droits de propri\u00e9t\u00e9 intellectuelle ou d\u00e9tient les droits d\u2019usage sur tous les \u00e9l\u00e9ments accessibles sur le site, notamment les textes, images, graphismes, logo, ic\u00f4nes, sons, logiciels.<\/span><\/span><\/span>\r\n\r\n<span style=\"color: #1a1a1a;\"><span style=\"font-family: quot;\"><span style=\"font-size: small;\">Toute reproduction, repr\u00e9sentation, modification, publication, adaptation de tout ou partie des \u00e9l\u00e9ments du site, quel que soit le moyen ou le proc\u00e9d\u00e9 utilis\u00e9, est interdite, sauf autorisation \u00e9crite pr\u00e9alable de YAH ARCHITECTURE.<\/span><\/span><\/span>\r\n\r\n<span style=\"color: #1a1a1a;\"><span style=\"font-family: quot;\"><span style=\"font-size: small;\">Toute exploitation non autoris\u00e9e du site ou de l\u2019un quelconque des \u00e9l\u00e9ments qu\u2019il contient sera consid\u00e9r\u00e9e comme constitutive d\u2019une contrefa\u00e7on et poursuivie conform\u00e9ment aux dispositions des articles L.335-2 et suivants du Code de Propri\u00e9t\u00e9 Intellectuelle.<\/span><\/span><\/span><\/pre>\n<pre class=\"western\"><span style=\"color: #1a1a1a;\"><span style=\"font-family: quot;\"><span style=\"font-size: small;\"><u>Limitations de responsabilit\u00e9\u00a0:<\/u><\/span><\/span><\/span>\r\n\r\n<span style=\"color: #1a1a1a;\"><span style=\"font-family: quot;\"><span style=\"font-size: small;\">YAH ARCHITECTURE ne pourra \u00eatre tenu responsable des dommages directs et indirects caus\u00e9s au mat\u00e9riel de l\u2019utilisateur, lors de l\u2019acc\u00e8s au site, et r\u00e9sultant soit de l\u2019utilisation d\u2019un mat\u00e9riel ne r\u00e9pondant pas aux sp\u00e9cifications indiqu\u00e9es au point 4, soit de l\u2019apparition d\u2019un bug ou d\u2019une incompatibilit\u00e9.<\/span><\/span><\/span>\r\n\r\n<span style=\"color: #1a1a1a;\"><span style=\"font-family: quot;\"><span style=\"font-size: small;\">YAH ARCHITECTURE ne pourra \u00e9galement \u00eatre tenue responsable des dommages indirects (tels par exemple qu\u2019une perte de march\u00e9 ou perte d\u2019une chance) cons\u00e9cutifs \u00e0 l\u2019utilisation du site.<\/span><\/span><\/span><\/pre>\n<pre class=\"western\"><span style=\"color: #1a1a1a;\"><span style=\"font-family: quot;\"><span style=\"font-size: small;\"><u>Gestion des donn\u00e9es personnelles\u00a0:<\/u><\/span><\/span><\/span>\r\n\r\n<span style=\"color: #1a1a1a;\"><span style=\"font-family: quot;\"><span style=\"font-size: small;\">En France, les donn\u00e9es personnelles sont notamment prot\u00e9g\u00e9es par la loi n\u00b0 78-87 du 6 janvier 1978, la loi n\u00b0 2004-801 du 6 ao\u00fbt 2004, l'article L. 226-13 du Code p\u00e9nal et la Directive Europ\u00e9enne du 24 octobre 1995.<\/span><\/span><\/span>\r\n\r\n<span style=\"color: #1a1a1a;\"><span style=\"font-family: quot;\"><span style=\"font-size: small;\">YAH ARCHITECTURE ne collecte des informations personnelles relatives \u00e0 l'utilisateur qu'\u00e0 travers le formulaire de contact, et afin de r\u00e9pondre \u00e0 la demande de renseignements, \u00e0 la demande d'\u00eatre joint ou \u00e0 la prise de rendez-vous. L'utilisateur fournit ces informations en toute connaissance de cause, notamment lorsqu'il proc\u00e8de par lui-m\u00eame \u00e0 leur saisie. Il est alors pr\u00e9cis\u00e9 \u00e0 l'utilisateur du site l\u2019obligation ou non de fournir ces informations.<\/span><\/span><\/span>\r\n\r\n<span style=\"color: #1a1a1a;\"><span style=\"font-family: quot;\"><span style=\"font-size: small;\">Conform\u00e9ment aux dispositions des articles 38 et suivants de la loi 78-17 du 6 janvier 1978 relative \u00e0 l\u2019informatique, aux fichiers et aux libert\u00e9s, tout utilisateur dispose d\u2019un droit d\u2019acc\u00e8s, de rectification et d\u2019opposition aux donn\u00e9es personnelles le concernant, en effectuant sa demande \u00e9crite et sign\u00e9e, accompagn\u00e9e d\u2019une copie du titre d\u2019identit\u00e9 avec signature du titulaire de la pi\u00e8ce, en pr\u00e9cisant l\u2019adresse \u00e0 laquelle la r\u00e9ponse doit \u00eatre envoy\u00e9e.<\/span><\/span><\/span>\r\n\r\n<span style=\"color: #1a1a1a;\"><span style=\"font-family: quot;\"><span style=\"font-size: small;\">Aucune information personnelle de l'utilisateur du site n'est publi\u00e9e \u00e0 l'insu de l'utilisateur, \u00e9chang\u00e9e, transf\u00e9r\u00e9e, c\u00e9d\u00e9e ou vendue sur un support quelconque \u00e0 des tiers.<\/span><\/span><\/span>\r\n\r\n<span style=\"color: #1a1a1a;\"><span style=\"font-family: quot;\"><span style=\"font-size: small;\">Les bases de donn\u00e9es sont prot\u00e9g\u00e9es par les dispositions de la loi du 1er juillet 1998 transposant la directive 96\/9 du 11 mars 1996 relative \u00e0 la protection juridique des bases de donn\u00e9es.<\/span><\/span><\/span><\/pre>\n","protected":false},"excerpt":{"rendered":"<p>R\u00e8gles professionnelles et titre\u00a0: En tant que profession r\u00e9glement\u00e9e YAH Architecture ob\u00e9it au Code de d\u00e9ontologie des architectes paru au JO du 25 mars 1980 et rectificatif J.O. \u2013 N.C. du 21 juin 1980, version consolid\u00e9e au 23 septembre 1992. Yannick Hord\u00e9 a obtenu le Dipl\u00f4me de 3\u00e8me cycle d\u2019architecte DPLG \u00e0 l\u2019Ecole Nationale Sup\u00e9rieure &hellip; <a href=\"https:\/\/yah-architecture.fr\/?page_id=586\" class=\"more-link\">Continuer la lecture<span class=\"screen-reader-text\"> de &laquo;&nbsp;Mentions l\u00e9gales&nbsp;&raquo;<\/span><\/a><\/p>\n","protected":false},"author":1,"featured_media":0,"parent":0,"menu_order":0,"comment_status":"closed","ping_status":"closed","template":"","meta":{"footnotes":""},"_links":{"self":[{"href":"https:\/\/yah-architecture.fr\/index.php?rest_route=\/wp\/v2\/pages\/586"}],"collection":[{"href":"https:\/\/yah-architecture.fr\/index.php?rest_route=\/wp\/v2\/pages"}],"about":[{"href":"https:\/\/yah-architecture.fr\/index.php?rest_route=\/wp\/v2\/types\/page"}],"author":[{"embeddable":true,"href":"https:\/\/yah-architecture.fr\/index.php?rest_route=\/wp\/v2\/users\/1"}],"replies":[{"embeddable":true,"href":"https:\/\/yah-architecture.fr\/index.php?rest_route=%2Fwp%2Fv2%2Fcomments&post=586"}],"version-history":[{"count":13,"href":"https:\/\/yah-architecture.fr\/index.php?rest_route=\/wp\/v2\/pages\/586\/revisions"}],"predecessor-version":[{"id":1093,"href":"https:\/\/yah-architecture.fr\/index.php?rest_route=\/wp\/v2\/pages\/586\/revisions\/1093"}],"wp:attachment":[{"href":"https:\/\/yah-architecture.fr\/index.php?rest_route=%2Fwp%2Fv2%2Fmedia&parent=586"}],"curies":[{"name":"wp","href":"https:\/\/api.w.org\/{rel}","templated":true}]}}