{"id":432,"date":"2018-09-21T19:47:11","date_gmt":"2018-09-21T17:47:11","guid":{"rendered":"http:\/\/yah-architecture.fr\/?page_id=432"},"modified":"2018-09-23T13:18:54","modified_gmt":"2018-09-23T11:18:54","slug":"construction-dune-salle-dactivites-sportives-agence-dudzikassocies","status":"publish","type":"page","link":"https:\/\/yah-architecture.fr\/?page_id=432","title":{"rendered":"Construction d&rsquo;une salle d&rsquo;activit\u00e9s sportives (agence Dudzik&#038;Associ\u00e9s)"},"content":{"rendered":"<div id='gallery-2' class='gallery galleryid-432 gallery-columns-1 gallery-size-full'><figure class='gallery-item'>\n\t\t\t<div class='gallery-icon landscape'>\n\t\t\t\t<img loading=\"lazy\" decoding=\"async\" width=\"1181\" height=\"1181\" src=\"https:\/\/yah-architecture.fr\/wp-content\/uploads\/AULN-SAS-photos.jpg\" class=\"attachment-full size-full\" alt=\"\" srcset=\"https:\/\/yah-architecture.fr\/wp-content\/uploads\/AULN-SAS-photos.jpg 1181w, https:\/\/yah-architecture.fr\/wp-content\/uploads\/AULN-SAS-photos-150x150.jpg 150w, https:\/\/yah-architecture.fr\/wp-content\/uploads\/AULN-SAS-photos-300x300.jpg 300w, https:\/\/yah-architecture.fr\/wp-content\/uploads\/AULN-SAS-photos-768x768.jpg 768w, https:\/\/yah-architecture.fr\/wp-content\/uploads\/AULN-SAS-photos-1024x1024.jpg 1024w\" sizes=\"(max-width: 709px) 85vw, (max-width: 909px) 67vw, (max-width: 1362px) 62vw, 840px\" \/>\n\t\t\t<\/div><\/figure><figure class='gallery-item'>\n\t\t\t<div class='gallery-icon portrait'>\n\t\t\t\t<img loading=\"lazy\" decoding=\"async\" width=\"1181\" height=\"1605\" src=\"https:\/\/yah-architecture.fr\/wp-content\/uploads\/AULN-SAS-plan-masse.jpg\" class=\"attachment-full size-full\" alt=\"\" srcset=\"https:\/\/yah-architecture.fr\/wp-content\/uploads\/AULN-SAS-plan-masse.jpg 1181w, https:\/\/yah-architecture.fr\/wp-content\/uploads\/AULN-SAS-plan-masse-221x300.jpg 221w, https:\/\/yah-architecture.fr\/wp-content\/uploads\/AULN-SAS-plan-masse-768x1044.jpg 768w, https:\/\/yah-architecture.fr\/wp-content\/uploads\/AULN-SAS-plan-masse-753x1024.jpg 753w\" sizes=\"(max-width: 709px) 85vw, (max-width: 909px) 67vw, (max-width: 1362px) 62vw, 840px\" \/>\n\t\t\t<\/div><\/figure>\n\t\t<\/div>\n\n<p>Construction d&rsquo;une salle d&rsquo;activit\u00e9s sportives au coll\u00e8ge F\u00e9lix del Marle d&rsquo;Aulnoye-Aymeries (59) dans la continuit\u00e9 de la salle de sports existante<\/p>\n<p>MOA : D\u00e9partement du Nord<\/p>\n<p>Missions en charge au sein de l\u2019agence <strong>Dudzik&amp;Associ\u00e9s<\/strong> :\u00a0 PC \u00e0 Suivi du chantier<\/p>\n<p>Livr\u00e9 en 2015<\/p>\n","protected":false},"excerpt":{"rendered":"<p>Construction d&rsquo;une salle d&rsquo;activit\u00e9s sportives au coll\u00e8ge F\u00e9lix del Marle d&rsquo;Aulnoye-Aymeries (59) dans la continuit\u00e9 de la salle de sports existante MOA : D\u00e9partement du Nord Missions en charge au sein de l\u2019agence Dudzik&amp;Associ\u00e9s :\u00a0 PC \u00e0 Suivi du chantier Livr\u00e9 en 2015<\/p>\n","protected":false},"author":1,"featured_media":0,"parent":0,"menu_order":0,"comment_status":"closed","ping_status":"closed","template":"","meta":{"footnotes":""},"_links":{"self":[{"href":"https:\/\/yah-architecture.fr\/index.php?rest_route=\/wp\/v2\/pages\/432"}],"collection":[{"href":"https:\/\/yah-architecture.fr\/index.php?rest_route=\/wp\/v2\/pages"}],"about":[{"href":"https:\/\/yah-architecture.fr\/index.php?rest_route=\/wp\/v2\/types\/page"}],"author":[{"embeddable":true,"href":"https:\/\/yah-architecture.fr\/index.php?rest_route=\/wp\/v2\/users\/1"}],"replies":[{"embeddable":true,"href":"https:\/\/yah-architecture.fr\/index.php?rest_route=%2Fwp%2Fv2%2Fcomments&post=432"}],"version-history":[{"count":5,"href":"https:\/\/yah-architecture.fr\/index.php?rest_route=\/wp\/v2\/pages\/432\/revisions"}],"predecessor-version":[{"id":623,"href":"https:\/\/yah-architecture.fr\/index.php?rest_route=\/wp\/v2\/pages\/432\/revisions\/623"}],"wp:attachment":[{"href":"https:\/\/yah-architecture.fr\/index.php?rest_route=%2Fwp%2Fv2%2Fmedia&parent=432"}],"curies":[{"name":"wp","href":"https:\/\/api.w.org\/{rel}","templated":true}]}}