{"id":424,"date":"2018-09-21T19:41:05","date_gmt":"2018-09-21T17:41:05","guid":{"rendered":"http:\/\/yah-architecture.fr\/?page_id=424"},"modified":"2018-09-23T13:20:08","modified_gmt":"2018-09-23T11:20:08","slug":"extension-dun-internat-agence-dudzikassocies","status":"publish","type":"page","link":"https:\/\/yah-architecture.fr\/?page_id=424","title":{"rendered":"Extension d&rsquo;un internat (agence Dudzik&#038;Associ\u00e9s)"},"content":{"rendered":"<div id='gallery-2' class='gallery galleryid-424 gallery-columns-1 gallery-size-full'><figure class='gallery-item'>\n\t\t\t<div class='gallery-icon portrait'>\n\t\t\t\t<img loading=\"lazy\" decoding=\"async\" width=\"1181\" height=\"1676\" src=\"https:\/\/yah-architecture.fr\/wp-content\/uploads\/AULN-INT-photos.jpg\" class=\"attachment-full size-full\" alt=\"\" srcset=\"https:\/\/yah-architecture.fr\/wp-content\/uploads\/AULN-INT-photos.jpg 1181w, https:\/\/yah-architecture.fr\/wp-content\/uploads\/AULN-INT-photos-211x300.jpg 211w, https:\/\/yah-architecture.fr\/wp-content\/uploads\/AULN-INT-photos-768x1090.jpg 768w, https:\/\/yah-architecture.fr\/wp-content\/uploads\/AULN-INT-photos-722x1024.jpg 722w\" sizes=\"(max-width: 709px) 85vw, (max-width: 909px) 67vw, (max-width: 1362px) 62vw, 840px\" \/>\n\t\t\t<\/div><\/figure><figure class='gallery-item'>\n\t\t\t<div class='gallery-icon landscape'>\n\t\t\t\t<img loading=\"lazy\" decoding=\"async\" width=\"1181\" height=\"951\" src=\"https:\/\/yah-architecture.fr\/wp-content\/uploads\/AULN-INT-plan-masse.jpg\" class=\"attachment-full size-full\" alt=\"\" srcset=\"https:\/\/yah-architecture.fr\/wp-content\/uploads\/AULN-INT-plan-masse.jpg 1181w, https:\/\/yah-architecture.fr\/wp-content\/uploads\/AULN-INT-plan-masse-300x242.jpg 300w, https:\/\/yah-architecture.fr\/wp-content\/uploads\/AULN-INT-plan-masse-768x618.jpg 768w, https:\/\/yah-architecture.fr\/wp-content\/uploads\/AULN-INT-plan-masse-1024x825.jpg 1024w\" sizes=\"(max-width: 709px) 85vw, (max-width: 909px) 67vw, (max-width: 1362px) 62vw, 840px\" \/>\n\t\t\t<\/div><\/figure><figure class='gallery-item'>\n\t\t\t<div class='gallery-icon portrait'>\n\t\t\t\t<img loading=\"lazy\" decoding=\"async\" width=\"1181\" height=\"1528\" src=\"https:\/\/yah-architecture.fr\/wp-content\/uploads\/AULN-INT-photos-int.jpg\" class=\"attachment-full size-full\" alt=\"\" srcset=\"https:\/\/yah-architecture.fr\/wp-content\/uploads\/AULN-INT-photos-int.jpg 1181w, https:\/\/yah-architecture.fr\/wp-content\/uploads\/AULN-INT-photos-int-232x300.jpg 232w, https:\/\/yah-architecture.fr\/wp-content\/uploads\/AULN-INT-photos-int-768x994.jpg 768w, https:\/\/yah-architecture.fr\/wp-content\/uploads\/AULN-INT-photos-int-791x1024.jpg 791w\" sizes=\"(max-width: 709px) 85vw, (max-width: 909px) 67vw, (max-width: 1362px) 62vw, 840px\" \/>\n\t\t\t<\/div><\/figure><figure class='gallery-item'>\n\t\t\t<div class='gallery-icon portrait'>\n\t\t\t\t<img loading=\"lazy\" decoding=\"async\" width=\"1181\" height=\"1928\" src=\"https:\/\/yah-architecture.fr\/wp-content\/uploads\/AULN-INT-plans-ens.jpg\" class=\"attachment-full size-full\" alt=\"\" srcset=\"https:\/\/yah-architecture.fr\/wp-content\/uploads\/AULN-INT-plans-ens.jpg 1181w, https:\/\/yah-architecture.fr\/wp-content\/uploads\/AULN-INT-plans-ens-184x300.jpg 184w, https:\/\/yah-architecture.fr\/wp-content\/uploads\/AULN-INT-plans-ens-768x1254.jpg 768w, https:\/\/yah-architecture.fr\/wp-content\/uploads\/AULN-INT-plans-ens-627x1024.jpg 627w\" sizes=\"(max-width: 709px) 85vw, (max-width: 909px) 67vw, (max-width: 1362px) 62vw, 840px\" \/>\n\t\t\t<\/div><\/figure>\n\t\t<\/div>\n\n<p>Extension de l&rsquo;internat du coll\u00e8ge F\u00e9lix del Marle (+58 lits) d&rsquo;Aulnoye-Aymeries (59)<\/p>\n<p>MOA : D\u00e9partement du Nord<\/p>\n<p>Missions en charge au sein de l\u2019agence <strong>Dudzik&amp;Associ\u00e9s<\/strong> :\u00a0 Esquisse \u00e0 Suivi du chantier<\/p>\n<p>Livr\u00e9 en 2015<\/p>\n","protected":false},"excerpt":{"rendered":"<p>Extension de l&rsquo;internat du coll\u00e8ge F\u00e9lix del Marle (+58 lits) d&rsquo;Aulnoye-Aymeries (59) MOA : D\u00e9partement du Nord Missions en charge au sein de l\u2019agence Dudzik&amp;Associ\u00e9s :\u00a0 Esquisse \u00e0 Suivi du chantier Livr\u00e9 en 2015<\/p>\n","protected":false},"author":1,"featured_media":0,"parent":0,"menu_order":0,"comment_status":"closed","ping_status":"closed","template":"","meta":{"footnotes":""},"_links":{"self":[{"href":"https:\/\/yah-architecture.fr\/index.php?rest_route=\/wp\/v2\/pages\/424"}],"collection":[{"href":"https:\/\/yah-architecture.fr\/index.php?rest_route=\/wp\/v2\/pages"}],"about":[{"href":"https:\/\/yah-architecture.fr\/index.php?rest_route=\/wp\/v2\/types\/page"}],"author":[{"embeddable":true,"href":"https:\/\/yah-architecture.fr\/index.php?rest_route=\/wp\/v2\/users\/1"}],"replies":[{"embeddable":true,"href":"https:\/\/yah-architecture.fr\/index.php?rest_route=%2Fwp%2Fv2%2Fcomments&post=424"}],"version-history":[{"count":8,"href":"https:\/\/yah-architecture.fr\/index.php?rest_route=\/wp\/v2\/pages\/424\/revisions"}],"predecessor-version":[{"id":624,"href":"https:\/\/yah-architecture.fr\/index.php?rest_route=\/wp\/v2\/pages\/424\/revisions\/624"}],"wp:attachment":[{"href":"https:\/\/yah-architecture.fr\/index.php?rest_route=%2Fwp%2Fv2%2Fmedia&parent=424"}],"curies":[{"name":"wp","href":"https:\/\/api.w.org\/{rel}","templated":true}]}}