{"id":416,"date":"2018-09-20T23:49:04","date_gmt":"2018-09-20T21:49:04","guid":{"rendered":"http:\/\/yah-architecture.fr\/?page_id=416"},"modified":"2018-09-23T13:17:00","modified_gmt":"2018-09-23T11:17:00","slug":"construction-dun-groupe-scolaire-agence-dudzikassocies","status":"publish","type":"page","link":"https:\/\/yah-architecture.fr\/?page_id=416","title":{"rendered":"Construction d&rsquo;un groupe scolaire (agence Dudzik&#038;Associ\u00e9s)"},"content":{"rendered":"<div id='gallery-2' class='gallery galleryid-416 gallery-columns-1 gallery-size-full'><figure class='gallery-item'>\n\t\t\t<div class='gallery-icon landscape'>\n\t\t\t\t<img loading=\"lazy\" decoding=\"async\" width=\"1181\" height=\"954\" src=\"https:\/\/yah-architecture.fr\/wp-content\/uploads\/AB-ROUV-photos-ext.jpg\" class=\"attachment-full size-full\" alt=\"\" srcset=\"https:\/\/yah-architecture.fr\/wp-content\/uploads\/AB-ROUV-photos-ext.jpg 1181w, https:\/\/yah-architecture.fr\/wp-content\/uploads\/AB-ROUV-photos-ext-300x242.jpg 300w, https:\/\/yah-architecture.fr\/wp-content\/uploads\/AB-ROUV-photos-ext-768x620.jpg 768w, https:\/\/yah-architecture.fr\/wp-content\/uploads\/AB-ROUV-photos-ext-1024x827.jpg 1024w\" sizes=\"(max-width: 709px) 85vw, (max-width: 909px) 67vw, (max-width: 1362px) 62vw, 840px\" \/>\n\t\t\t<\/div><\/figure><figure class='gallery-item'>\n\t\t\t<div class='gallery-icon landscape'>\n\t\t\t\t<img loading=\"lazy\" decoding=\"async\" width=\"1181\" height=\"814\" src=\"https:\/\/yah-architecture.fr\/wp-content\/uploads\/AB-ROUV-fa\u00e7ades.jpg\" class=\"attachment-full size-full\" alt=\"\" srcset=\"https:\/\/yah-architecture.fr\/wp-content\/uploads\/AB-ROUV-fa\u00e7ades.jpg 1181w, https:\/\/yah-architecture.fr\/wp-content\/uploads\/AB-ROUV-fa\u00e7ades-300x207.jpg 300w, https:\/\/yah-architecture.fr\/wp-content\/uploads\/AB-ROUV-fa\u00e7ades-768x529.jpg 768w, https:\/\/yah-architecture.fr\/wp-content\/uploads\/AB-ROUV-fa\u00e7ades-1024x706.jpg 1024w\" sizes=\"(max-width: 709px) 85vw, (max-width: 909px) 67vw, (max-width: 1362px) 62vw, 840px\" \/>\n\t\t\t<\/div><\/figure><figure class='gallery-item'>\n\t\t\t<div class='gallery-icon landscape'>\n\t\t\t\t<img loading=\"lazy\" decoding=\"async\" width=\"1181\" height=\"1181\" src=\"https:\/\/yah-architecture.fr\/wp-content\/uploads\/AB-ROUV-photos-int.jpg\" class=\"attachment-full size-full\" alt=\"\" srcset=\"https:\/\/yah-architecture.fr\/wp-content\/uploads\/AB-ROUV-photos-int.jpg 1181w, https:\/\/yah-architecture.fr\/wp-content\/uploads\/AB-ROUV-photos-int-150x150.jpg 150w, https:\/\/yah-architecture.fr\/wp-content\/uploads\/AB-ROUV-photos-int-300x300.jpg 300w, https:\/\/yah-architecture.fr\/wp-content\/uploads\/AB-ROUV-photos-int-768x768.jpg 768w, https:\/\/yah-architecture.fr\/wp-content\/uploads\/AB-ROUV-photos-int-1024x1024.jpg 1024w\" sizes=\"(max-width: 709px) 85vw, (max-width: 909px) 67vw, (max-width: 1362px) 62vw, 840px\" \/>\n\t\t\t<\/div><\/figure>\n\t\t<\/div>\n\n<p>Construction du groupe scolaire Rouvroy d&rsquo;Abbeville (80)<\/p>\n<p>MOA : Ville d&rsquo;Abbeville<\/p>\n<p>Missions en charge au sein de l&rsquo;agence <strong>Dudzik&amp;Associ\u00e9s<\/strong> :\u00a0 Concours (laur\u00e9at) jusqu&rsquo;\u00e0 PRO<\/p>\n<p>Livr\u00e9 en 2015<\/p>\n","protected":false},"excerpt":{"rendered":"<p>Construction du groupe scolaire Rouvroy d&rsquo;Abbeville (80) MOA : Ville d&rsquo;Abbeville Missions en charge au sein de l&rsquo;agence Dudzik&amp;Associ\u00e9s :\u00a0 Concours (laur\u00e9at) jusqu&rsquo;\u00e0 PRO Livr\u00e9 en 2015<\/p>\n","protected":false},"author":1,"featured_media":0,"parent":0,"menu_order":0,"comment_status":"closed","ping_status":"closed","template":"","meta":{"footnotes":""},"_links":{"self":[{"href":"https:\/\/yah-architecture.fr\/index.php?rest_route=\/wp\/v2\/pages\/416"}],"collection":[{"href":"https:\/\/yah-architecture.fr\/index.php?rest_route=\/wp\/v2\/pages"}],"about":[{"href":"https:\/\/yah-architecture.fr\/index.php?rest_route=\/wp\/v2\/types\/page"}],"author":[{"embeddable":true,"href":"https:\/\/yah-architecture.fr\/index.php?rest_route=\/wp\/v2\/users\/1"}],"replies":[{"embeddable":true,"href":"https:\/\/yah-architecture.fr\/index.php?rest_route=%2Fwp%2Fv2%2Fcomments&post=416"}],"version-history":[{"count":5,"href":"https:\/\/yah-architecture.fr\/index.php?rest_route=\/wp\/v2\/pages\/416\/revisions"}],"predecessor-version":[{"id":618,"href":"https:\/\/yah-architecture.fr\/index.php?rest_route=\/wp\/v2\/pages\/416\/revisions\/618"}],"wp:attachment":[{"href":"https:\/\/yah-architecture.fr\/index.php?rest_route=%2Fwp%2Fv2%2Fmedia&parent=416"}],"curies":[{"name":"wp","href":"https:\/\/api.w.org\/{rel}","templated":true}]}}