{"id":409,"date":"2018-09-20T20:07:56","date_gmt":"2018-09-20T18:07:56","guid":{"rendered":"http:\/\/yah-architecture.fr\/?page_id=409"},"modified":"2018-09-23T13:15:54","modified_gmt":"2018-09-23T11:15:54","slug":"47-logements","status":"publish","type":"page","link":"https:\/\/yah-architecture.fr\/?page_id=409","title":{"rendered":"Suivi du chantier de construction de 47 logements collectifs (agence Dudzik&#038;Associ\u00e9s)"},"content":{"rendered":"<div id='gallery-2' class='gallery galleryid-409 gallery-columns-1 gallery-size-full'><figure class='gallery-item'>\n\t\t\t<div class='gallery-icon portrait'>\n\t\t\t\t<img loading=\"lazy\" decoding=\"async\" width=\"1181\" height=\"1502\" src=\"https:\/\/yah-architecture.fr\/wp-content\/uploads\/VAL-photos.jpg\" class=\"attachment-full size-full\" alt=\"\" srcset=\"https:\/\/yah-architecture.fr\/wp-content\/uploads\/VAL-photos.jpg 1181w, https:\/\/yah-architecture.fr\/wp-content\/uploads\/VAL-photos-236x300.jpg 236w, https:\/\/yah-architecture.fr\/wp-content\/uploads\/VAL-photos-768x977.jpg 768w, https:\/\/yah-architecture.fr\/wp-content\/uploads\/VAL-photos-805x1024.jpg 805w\" sizes=\"(max-width: 709px) 85vw, (max-width: 909px) 67vw, (max-width: 1362px) 62vw, 840px\" \/>\n\t\t\t<\/div><\/figure><figure class='gallery-item'>\n\t\t\t<div class='gallery-icon landscape'>\n\t\t\t\t<img loading=\"lazy\" decoding=\"async\" width=\"1181\" height=\"780\" src=\"https:\/\/yah-architecture.fr\/wp-content\/uploads\/VAL-plan-masse.jpg\" class=\"attachment-full size-full\" alt=\"\" srcset=\"https:\/\/yah-architecture.fr\/wp-content\/uploads\/VAL-plan-masse.jpg 1181w, https:\/\/yah-architecture.fr\/wp-content\/uploads\/VAL-plan-masse-300x198.jpg 300w, https:\/\/yah-architecture.fr\/wp-content\/uploads\/VAL-plan-masse-768x507.jpg 768w, https:\/\/yah-architecture.fr\/wp-content\/uploads\/VAL-plan-masse-1024x676.jpg 1024w\" sizes=\"(max-width: 709px) 85vw, (max-width: 909px) 67vw, (max-width: 1362px) 62vw, 840px\" \/>\n\t\t\t<\/div><\/figure>\n\t\t<\/div>\n\n<p>Construction de 47 logements collectifs H&amp;E \u00e0 Valenciennes (59)<\/p>\n<p>MOA : Adim Nord Vefa Maisons&amp;Cit\u00e9s<\/p>\n<p>Missions en charge au sein de l&rsquo;agence <strong>Dudzik&amp;Associ\u00e9s<\/strong> :\u00a0 Suivi du chantier<\/p>\n<p>Livr\u00e9 en 2016<\/p>\n","protected":false},"excerpt":{"rendered":"<p>Construction de 47 logements collectifs H&amp;E \u00e0 Valenciennes (59) MOA : Adim Nord Vefa Maisons&amp;Cit\u00e9s Missions en charge au sein de l&rsquo;agence Dudzik&amp;Associ\u00e9s :\u00a0 Suivi du chantier Livr\u00e9 en 2016<\/p>\n","protected":false},"author":1,"featured_media":0,"parent":0,"menu_order":0,"comment_status":"closed","ping_status":"closed","template":"","meta":{"footnotes":""},"_links":{"self":[{"href":"https:\/\/yah-architecture.fr\/index.php?rest_route=\/wp\/v2\/pages\/409"}],"collection":[{"href":"https:\/\/yah-architecture.fr\/index.php?rest_route=\/wp\/v2\/pages"}],"about":[{"href":"https:\/\/yah-architecture.fr\/index.php?rest_route=\/wp\/v2\/types\/page"}],"author":[{"embeddable":true,"href":"https:\/\/yah-architecture.fr\/index.php?rest_route=\/wp\/v2\/users\/1"}],"replies":[{"embeddable":true,"href":"https:\/\/yah-architecture.fr\/index.php?rest_route=%2Fwp%2Fv2%2Fcomments&post=409"}],"version-history":[{"count":6,"href":"https:\/\/yah-architecture.fr\/index.php?rest_route=\/wp\/v2\/pages\/409\/revisions"}],"predecessor-version":[{"id":622,"href":"https:\/\/yah-architecture.fr\/index.php?rest_route=\/wp\/v2\/pages\/409\/revisions\/622"}],"wp:attachment":[{"href":"https:\/\/yah-architecture.fr\/index.php?rest_route=%2Fwp%2Fv2%2Fmedia&parent=409"}],"curies":[{"name":"wp","href":"https:\/\/api.w.org\/{rel}","templated":true}]}}