{"id":296,"date":"2018-09-17T18:10:29","date_gmt":"2018-09-17T16:10:29","guid":{"rendered":"http:\/\/yah-architecture.fr\/?page_id=296"},"modified":"2022-08-14T11:54:15","modified_gmt":"2022-08-14T09:54:15","slug":"extension-dune-maison-individuelle","status":"publish","type":"page","link":"https:\/\/yah-architecture.fr\/?page_id=296","title":{"rendered":"Extension d&rsquo;une maison individuelle"},"content":{"rendered":"<div id='gallery-2' class='gallery galleryid-296 gallery-columns-1 gallery-size-full'><figure class='gallery-item'>\n\t\t\t<div class='gallery-icon landscape'>\n\t\t\t\t<img loading=\"lazy\" decoding=\"async\" width=\"1181\" height=\"702\" src=\"https:\/\/yah-architecture.fr\/wp-content\/uploads\/STAV2-axono-cour.jpg\" class=\"attachment-full size-full\" alt=\"\" srcset=\"https:\/\/yah-architecture.fr\/wp-content\/uploads\/STAV2-axono-cour.jpg 1181w, https:\/\/yah-architecture.fr\/wp-content\/uploads\/STAV2-axono-cour-300x178.jpg 300w, https:\/\/yah-architecture.fr\/wp-content\/uploads\/STAV2-axono-cour-768x457.jpg 768w, https:\/\/yah-architecture.fr\/wp-content\/uploads\/STAV2-axono-cour-1024x609.jpg 1024w\" sizes=\"(max-width: 709px) 85vw, (max-width: 909px) 67vw, (max-width: 1362px) 62vw, 840px\" \/>\n\t\t\t<\/div><\/figure><figure class='gallery-item'>\n\t\t\t<div class='gallery-icon landscape'>\n\t\t\t\t<img loading=\"lazy\" decoding=\"async\" width=\"1181\" height=\"589\" src=\"https:\/\/yah-architecture.fr\/wp-content\/uploads\/STAV2-pers-cour.jpg\" class=\"attachment-full size-full\" alt=\"\" srcset=\"https:\/\/yah-architecture.fr\/wp-content\/uploads\/STAV2-pers-cour.jpg 1181w, https:\/\/yah-architecture.fr\/wp-content\/uploads\/STAV2-pers-cour-300x150.jpg 300w, https:\/\/yah-architecture.fr\/wp-content\/uploads\/STAV2-pers-cour-768x383.jpg 768w, https:\/\/yah-architecture.fr\/wp-content\/uploads\/STAV2-pers-cour-1024x511.jpg 1024w\" sizes=\"(max-width: 709px) 85vw, (max-width: 909px) 67vw, (max-width: 1362px) 62vw, 840px\" \/>\n\t\t\t<\/div><\/figure><figure class='gallery-item'>\n\t\t\t<div class='gallery-icon landscape'>\n\t\t\t\t<img loading=\"lazy\" decoding=\"async\" width=\"1181\" height=\"928\" src=\"https:\/\/yah-architecture.fr\/wp-content\/uploads\/STAV2-plan-masse.jpg\" class=\"attachment-full size-full\" alt=\"\" srcset=\"https:\/\/yah-architecture.fr\/wp-content\/uploads\/STAV2-plan-masse.jpg 1181w, https:\/\/yah-architecture.fr\/wp-content\/uploads\/STAV2-plan-masse-300x236.jpg 300w, https:\/\/yah-architecture.fr\/wp-content\/uploads\/STAV2-plan-masse-768x603.jpg 768w, https:\/\/yah-architecture.fr\/wp-content\/uploads\/STAV2-plan-masse-1024x805.jpg 1024w\" sizes=\"(max-width: 709px) 85vw, (max-width: 909px) 67vw, (max-width: 1362px) 62vw, 840px\" \/>\n\t\t\t<\/div><\/figure><figure class='gallery-item'>\n\t\t\t<div class='gallery-icon landscape'>\n\t\t\t\t<img loading=\"lazy\" decoding=\"async\" width=\"1181\" height=\"800\" src=\"https:\/\/yah-architecture.fr\/wp-content\/uploads\/STAV2-axono-jardin.jpg\" class=\"attachment-full size-full\" alt=\"\" srcset=\"https:\/\/yah-architecture.fr\/wp-content\/uploads\/STAV2-axono-jardin.jpg 1181w, https:\/\/yah-architecture.fr\/wp-content\/uploads\/STAV2-axono-jardin-300x203.jpg 300w, https:\/\/yah-architecture.fr\/wp-content\/uploads\/STAV2-axono-jardin-768x520.jpg 768w, https:\/\/yah-architecture.fr\/wp-content\/uploads\/STAV2-axono-jardin-1024x694.jpg 1024w\" sizes=\"(max-width: 709px) 85vw, (max-width: 909px) 67vw, (max-width: 1362px) 62vw, 840px\" \/>\n\t\t\t<\/div><\/figure><figure class='gallery-item'>\n\t\t\t<div class='gallery-icon landscape'>\n\t\t\t\t<img loading=\"lazy\" decoding=\"async\" width=\"1181\" height=\"616\" src=\"https:\/\/yah-architecture.fr\/wp-content\/uploads\/STAV2-pers-jardin.jpg\" class=\"attachment-full size-full\" alt=\"\" srcset=\"https:\/\/yah-architecture.fr\/wp-content\/uploads\/STAV2-pers-jardin.jpg 1181w, https:\/\/yah-architecture.fr\/wp-content\/uploads\/STAV2-pers-jardin-300x156.jpg 300w, https:\/\/yah-architecture.fr\/wp-content\/uploads\/STAV2-pers-jardin-768x401.jpg 768w, https:\/\/yah-architecture.fr\/wp-content\/uploads\/STAV2-pers-jardin-1024x534.jpg 1024w\" sizes=\"(max-width: 709px) 85vw, (max-width: 909px) 67vw, (max-width: 1362px) 62vw, 840px\" \/>\n\t\t\t<\/div><\/figure><figure class='gallery-item'>\n\t\t\t<div class='gallery-icon landscape'>\n\t\t\t\t<img loading=\"lazy\" decoding=\"async\" width=\"1181\" height=\"749\" src=\"https:\/\/yah-architecture.fr\/wp-content\/uploads\/STAV2-pers-int.jpg\" class=\"attachment-full size-full\" alt=\"\" srcset=\"https:\/\/yah-architecture.fr\/wp-content\/uploads\/STAV2-pers-int.jpg 1181w, https:\/\/yah-architecture.fr\/wp-content\/uploads\/STAV2-pers-int-300x190.jpg 300w, https:\/\/yah-architecture.fr\/wp-content\/uploads\/STAV2-pers-int-768x487.jpg 768w, https:\/\/yah-architecture.fr\/wp-content\/uploads\/STAV2-pers-int-1024x649.jpg 1024w\" sizes=\"(max-width: 709px) 85vw, (max-width: 909px) 67vw, (max-width: 1362px) 62vw, 840px\" \/>\n\t\t\t<\/div><\/figure><figure class='gallery-item'>\n\t\t\t<div class='gallery-icon landscape'>\n\t\t\t\t<img loading=\"lazy\" decoding=\"async\" width=\"2560\" height=\"1510\" src=\"https:\/\/yah-architecture.fr\/wp-content\/uploads\/STAMmontage01-scaled.jpg\" class=\"attachment-full size-full\" alt=\"\" srcset=\"https:\/\/yah-architecture.fr\/wp-content\/uploads\/STAMmontage01-scaled.jpg 2560w, https:\/\/yah-architecture.fr\/wp-content\/uploads\/STAMmontage01-300x177.jpg 300w, https:\/\/yah-architecture.fr\/wp-content\/uploads\/STAMmontage01-1024x604.jpg 1024w, https:\/\/yah-architecture.fr\/wp-content\/uploads\/STAMmontage01-768x453.jpg 768w, https:\/\/yah-architecture.fr\/wp-content\/uploads\/STAMmontage01-1536x906.jpg 1536w, https:\/\/yah-architecture.fr\/wp-content\/uploads\/STAMmontage01-2048x1208.jpg 2048w, https:\/\/yah-architecture.fr\/wp-content\/uploads\/STAMmontage01-1200x708.jpg 1200w\" sizes=\"(max-width: 709px) 85vw, (max-width: 909px) 67vw, (max-width: 1362px) 62vw, 840px\" \/>\n\t\t\t<\/div><\/figure>\n\t\t<\/div>\n\n<p>Extension d&rsquo;une maison individuelle \u00e0 Saint-Amand-les-Eaux (59)<\/p>\n<p>MOA priv\u00e9e<\/p>\n<p>Mission : Etudes Pr\u00e9liminaires \u00e0 Permis de Construire<\/p>\n<p>PC accord\u00e9 en janvier 2022<\/p>\n<p>Chantier en Auto-construction en cours<\/p>\n","protected":false},"excerpt":{"rendered":"<p>Extension d&rsquo;une maison individuelle \u00e0 Saint-Amand-les-Eaux (59) MOA priv\u00e9e Mission : Etudes Pr\u00e9liminaires \u00e0 Permis de Construire PC accord\u00e9 en janvier 2022 Chantier en Auto-construction en cours<\/p>\n","protected":false},"author":1,"featured_media":0,"parent":0,"menu_order":0,"comment_status":"closed","ping_status":"closed","template":"","meta":{"footnotes":""},"_links":{"self":[{"href":"https:\/\/yah-architecture.fr\/index.php?rest_route=\/wp\/v2\/pages\/296"}],"collection":[{"href":"https:\/\/yah-architecture.fr\/index.php?rest_route=\/wp\/v2\/pages"}],"about":[{"href":"https:\/\/yah-architecture.fr\/index.php?rest_route=\/wp\/v2\/types\/page"}],"author":[{"embeddable":true,"href":"https:\/\/yah-architecture.fr\/index.php?rest_route=\/wp\/v2\/users\/1"}],"replies":[{"embeddable":true,"href":"https:\/\/yah-architecture.fr\/index.php?rest_route=%2Fwp%2Fv2%2Fcomments&post=296"}],"version-history":[{"count":18,"href":"https:\/\/yah-architecture.fr\/index.php?rest_route=\/wp\/v2\/pages\/296\/revisions"}],"predecessor-version":[{"id":987,"href":"https:\/\/yah-architecture.fr\/index.php?rest_route=\/wp\/v2\/pages\/296\/revisions\/987"}],"wp:attachment":[{"href":"https:\/\/yah-architecture.fr\/index.php?rest_route=%2Fwp%2Fv2%2Fmedia&parent=296"}],"curies":[{"name":"wp","href":"https:\/\/api.w.org\/{rel}","templated":true}]}}