{"id":143,"date":"2018-09-14T15:33:20","date_gmt":"2018-09-14T13:33:20","guid":{"rendered":"http:\/\/yah-architecture.fr\/?page_id=143"},"modified":"2026-01-01T19:18:38","modified_gmt":"2026-01-01T18:18:38","slug":"lagence-2","status":"publish","type":"page","link":"https:\/\/yah-architecture.fr\/?page_id=143","title":{"rendered":"Pr\u00e9sentation"},"content":{"rendered":"<p>&nbsp;<\/p>\n<p><img loading=\"lazy\" decoding=\"async\" class=\"aligncenter wp-image-593 size-full\" src=\"https:\/\/yah-architecture.fr\/wp-content\/uploads\/presentation2.jpg\" alt=\"\" width=\"1181\" height=\"665\" srcset=\"https:\/\/yah-architecture.fr\/wp-content\/uploads\/presentation2.jpg 1181w, https:\/\/yah-architecture.fr\/wp-content\/uploads\/presentation2-300x169.jpg 300w, https:\/\/yah-architecture.fr\/wp-content\/uploads\/presentation2-768x432.jpg 768w, https:\/\/yah-architecture.fr\/wp-content\/uploads\/presentation2-1024x577.jpg 1024w\" sizes=\"(max-width: 709px) 85vw, (max-width: 909px) 67vw, (max-width: 1362px) 62vw, 840px\" \/><\/p>\n<p>\u00ab\u00a0<strong>YAH Architecture<\/strong>\u00a0\u00bb est n\u00e9 de l\u2019envie d\u2019exercer la profession selon ma conception du r\u00f4le de l\u2019Architecte au sein de notre soci\u00e9t\u00e9\u00a0: servir les individualit\u00e9s de mani\u00e8re responsable dans la coh\u00e9rence de l\u2019int\u00e9r\u00eat collectif, et sans cesse remettre en question notre environnement habit\u00e9 par le processus cr\u00e9atif. La mission de l\u2019Architecte est de <strong>cr\u00e9er un projet unique et sur mesure<\/strong> qui r\u00e9pond aux besoins et aux envies de son client, voire qui les d\u00e9passe, qui les sublime.<\/p>\n<p>Fort de mon exp\u00e9rience professionnelle globale sur des programmes vari\u00e9s, j\u2019attache une grande importance \u00e0 la concr\u00e9tisation des projets, en assurant au ma\u00eetre d\u2019ouvrage un <strong>accompagnement \u00e9gal de la conception au suivi des travaux<\/strong>, dans la ma\u00eetrise des r\u00e9glementations, des techniques et savoir-faire, et des co\u00fbts.<\/p>\n<p>Gr\u00e2ce \u00e0 mon parcours dans les agences dans lesquelles j\u2019ai exerc\u00e9, j\u2019ai acquis des comp\u00e9tences sur des projets de taille relativement importante issus de la commande publique ou de la promotion immobili\u00e8re. Avec \u00ab\u00a0YAH Architecture\u00a0\u00bb j\u2019accompagne les <strong>particuliers<\/strong> qui d\u00e9sirent construire une maison, r\u00e9aliser une extension\/sur\u00e9l\u00e9vation, am\u00e9nager ou r\u00e9nover leur lieu de vie.<br \/>\nJ\u2019accompagne \u00e9galement les <strong>professionnels<\/strong> comme les commer\u00e7ants (boutique, restaurant), artisans (ateliers, entrep\u00f4ts), soci\u00e9t\u00e9s diverses (bureaux, showrooms, agences), professions lib\u00e9rales (cabinets, agences), et promoteurs immobiliers (logements collectifs, lotissements).<br \/>\nEnfin de par mon parcours j\u2019ai pris l\u2019habitude de travailler avec les <strong>collectivit\u00e9s publiques<\/strong> sur des projets d&rsquo;\u00e9quipement (\u00e9coles, salles polyvalentes, \u00e9quipements sportifs, travaux de mise aux normes s\u00e9curit\u00e9 incendie et accessibilit\u00e9 PMR)<\/p>\n<p>&nbsp;<\/p>\n<p>Mon parcours\u00a0:<\/p>\n<p><em>N\u00e9 \u00e0 Amiens en 1978<\/em><br \/>\n<strong>2005\u00a0: Obtention du Dipl\u00f4me de 3\u00e8me cycle d\u2019architecte DPLG<\/strong> \u00e0 l\u2019Ecole Nationale Sup\u00e9rieure d\u2019Architecture de Normandie \u00e0 Rouen<br \/>\n<em>Stage de fin d\u2019\u00e9tudes\u00a0: Atelier d\u2019Architecture Int\u00e9rieure Jean-Christophe Rama \u00e0 Rouen<\/em><\/p>\n<p><strong>2006 \u00e0 2011\u00a0: Architecte \u00e0 l\u2019Atelier d\u2019Architecture Gasnier Gossart \u00e0 Amiens<\/strong><br \/>\n<em>projets marquants en charge\u00a0:<\/em><br \/>\n&#8211; Restructuration de l\u2019EHPAD \u00ab\u00a0Vall\u00e9e des Vignes\u00a0\u00bb \u00e0 Amiens\u00a0: <em>Conception \u00e0 Suivi de chantier<\/em><br \/>\n&#8211; Construction du Gymnase Jean-Claude Descamps \u00e0 Longueau (Amiens M\u00e9tropole)\u00a0: <em>Conception Concours laur\u00e9at \u00e0 Suivi de chantier<\/em><br \/>\n&#8211; R\u00e9habilitation de 250 logements collectifs \u00e0 Abbeville (ODA Habitat) : <em>Conception Concours laur\u00e9at<\/em><br \/>\n<em>2007 : <strong>Formation Haute Qualit\u00e9 Environnementale<\/strong><\/em><\/p>\n<p><strong>2011 \u00e0 2017\u00a0: Architecte Chef de projet \u00e0 l\u2019Agence Gallois Dudzik &amp; Associ\u00e9s \u00e0 Lille<\/strong><br \/>\n<em>projets marquants en charge\u00a0:<\/em><br \/>\n&#8211; Construction de 55 logements collectifs H&amp;E \u00e0 Douai (Dumez\/SIA Habitat)\u00a0: <em>Suivi de chantier<\/em><br \/>\n&#8211; Construction du groupe scolaire Rouvroy \u00e0 Abbeville (Ville d\u2019Abbeville)\u00a0: <em>Conception Concours laur\u00e9at \u00e0 phase Projet<\/em><br \/>\n&#8211; Extension de l\u2019Internat et construction d&rsquo;une Salle d\u2019activit\u00e9s sportives au coll\u00e8ge F\u00e9lix del Marle \u00e0 Aulnoye-Aymeries (D\u00e9partement du Nord)\u00a0: <em>Conception \u00e0 Suivi de chantier<\/em><br \/>\n&#8211; Extension des bureaux de la DAAF Martinique \u00e0 Fort-de-France (Pr\u00e9fecture de Martinique)\u00a0: <em>Conception Concours laur\u00e9at \u00e0 phase ACT<\/em><br \/>\n&#8211; Travaux de R\u00e9novation \u00e9nerg\u00e9tique et d\u2019Accessibilit\u00e9 PMR dans divers lyc\u00e9es des Hauts-de-France (R\u00e9gion Hauts-de-France) : <em>Conception \u00e0 Suivi de chantier<\/em><br \/>\n&#8211; Construction de 47 logements collectifs H&amp;E \u00e0 Valenciennes (Adim\/Maisons&amp;Cit\u00e9s) : <em>Suivi de chantier<\/em><br \/>\n<em>2015 : <strong>Formation au logiciel Revit (BIM)<\/strong><\/em><\/p>\n<p><strong>2018 \u00e0 2022 : Cr\u00e9ation de <em>YAH Architecture<\/em> \u00e0 Lambersart (59)<\/strong><\/p>\n<p><strong>2022 : D\u00e9m\u00e9nagement de <em>YAH Architecture<\/em> en Loire-Atlantique (44)<\/strong><\/p>\n","protected":false},"excerpt":{"rendered":"<p>&nbsp; \u00ab\u00a0YAH Architecture\u00a0\u00bb est n\u00e9 de l\u2019envie d\u2019exercer la profession selon ma conception du r\u00f4le de l\u2019Architecte au sein de notre soci\u00e9t\u00e9\u00a0: servir les individualit\u00e9s de mani\u00e8re responsable dans la coh\u00e9rence de l\u2019int\u00e9r\u00eat collectif, et sans cesse remettre en question notre environnement habit\u00e9 par le processus cr\u00e9atif. La mission de l\u2019Architecte est de cr\u00e9er un &hellip; <a href=\"https:\/\/yah-architecture.fr\/?page_id=143\" class=\"more-link\">Continuer la lecture<span class=\"screen-reader-text\"> de &laquo;&nbsp;Pr\u00e9sentation&nbsp;&raquo;<\/span><\/a><\/p>\n","protected":false},"author":1,"featured_media":0,"parent":0,"menu_order":0,"comment_status":"closed","ping_status":"closed","template":"","meta":{"footnotes":""},"_links":{"self":[{"href":"https:\/\/yah-architecture.fr\/index.php?rest_route=\/wp\/v2\/pages\/143"}],"collection":[{"href":"https:\/\/yah-architecture.fr\/index.php?rest_route=\/wp\/v2\/pages"}],"about":[{"href":"https:\/\/yah-architecture.fr\/index.php?rest_route=\/wp\/v2\/types\/page"}],"author":[{"embeddable":true,"href":"https:\/\/yah-architecture.fr\/index.php?rest_route=\/wp\/v2\/users\/1"}],"replies":[{"embeddable":true,"href":"https:\/\/yah-architecture.fr\/index.php?rest_route=%2Fwp%2Fv2%2Fcomments&post=143"}],"version-history":[{"count":29,"href":"https:\/\/yah-architecture.fr\/index.php?rest_route=\/wp\/v2\/pages\/143\/revisions"}],"predecessor-version":[{"id":1094,"href":"https:\/\/yah-architecture.fr\/index.php?rest_route=\/wp\/v2\/pages\/143\/revisions\/1094"}],"wp:attachment":[{"href":"https:\/\/yah-architecture.fr\/index.php?rest_route=%2Fwp%2Fv2%2Fmedia&parent=143"}],"curies":[{"name":"wp","href":"https:\/\/api.w.org\/{rel}","templated":true}]}}