{"id":1058,"date":"2023-06-02T16:00:28","date_gmt":"2023-06-02T14:00:28","guid":{"rendered":"https:\/\/yah-architecture.fr\/?page_id=1058"},"modified":"2025-02-13T10:04:19","modified_gmt":"2025-02-13T09:04:19","slug":"surelevation-dune-maison-mitoyenne","status":"publish","type":"page","link":"https:\/\/yah-architecture.fr\/?page_id=1058","title":{"rendered":"Sur\u00e9l\u00e9vation d&rsquo;une maison mitoyenne"},"content":{"rendered":"<div id='gallery-2' class='gallery galleryid-1058 gallery-columns-1 gallery-size-full'><figure class='gallery-item'>\n\t\t\t<div class='gallery-icon portrait'>\n\t\t\t\t<a href='https:\/\/yah-architecture.fr\/?attachment_id=1052'><img loading=\"lazy\" decoding=\"async\" width=\"2524\" height=\"2560\" src=\"https:\/\/yah-architecture.fr\/wp-content\/uploads\/GUI01-scaled.jpg\" class=\"attachment-full size-full\" alt=\"\" srcset=\"https:\/\/yah-architecture.fr\/wp-content\/uploads\/GUI01-scaled.jpg 2524w, https:\/\/yah-architecture.fr\/wp-content\/uploads\/GUI01-296x300.jpg 296w, https:\/\/yah-architecture.fr\/wp-content\/uploads\/GUI01-1010x1024.jpg 1010w, https:\/\/yah-architecture.fr\/wp-content\/uploads\/GUI01-768x779.jpg 768w, https:\/\/yah-architecture.fr\/wp-content\/uploads\/GUI01-1514x1536.jpg 1514w, https:\/\/yah-architecture.fr\/wp-content\/uploads\/GUI01-2019x2048.jpg 2019w, https:\/\/yah-architecture.fr\/wp-content\/uploads\/GUI01-1200x1217.jpg 1200w\" sizes=\"(max-width: 709px) 85vw, (max-width: 909px) 67vw, (max-width: 1362px) 62vw, 840px\" \/><\/a>\n\t\t\t<\/div><\/figure><figure class='gallery-item'>\n\t\t\t<div class='gallery-icon portrait'>\n\t\t\t\t<a href='https:\/\/yah-architecture.fr\/?attachment_id=1054'><img loading=\"lazy\" decoding=\"async\" width=\"1795\" height=\"2560\" src=\"https:\/\/yah-architecture.fr\/wp-content\/uploads\/GUI03-scaled.jpg\" class=\"attachment-full size-full\" alt=\"\" srcset=\"https:\/\/yah-architecture.fr\/wp-content\/uploads\/GUI03-scaled.jpg 1795w, https:\/\/yah-architecture.fr\/wp-content\/uploads\/GUI03-210x300.jpg 210w, https:\/\/yah-architecture.fr\/wp-content\/uploads\/GUI03-718x1024.jpg 718w, https:\/\/yah-architecture.fr\/wp-content\/uploads\/GUI03-768x1095.jpg 768w, https:\/\/yah-architecture.fr\/wp-content\/uploads\/GUI03-1077x1536.jpg 1077w, https:\/\/yah-architecture.fr\/wp-content\/uploads\/GUI03-1436x2048.jpg 1436w, https:\/\/yah-architecture.fr\/wp-content\/uploads\/GUI03-1200x1711.jpg 1200w\" sizes=\"(max-width: 709px) 85vw, (max-width: 909px) 67vw, (max-width: 1362px) 62vw, 840px\" \/><\/a>\n\t\t\t<\/div><\/figure><figure class='gallery-item'>\n\t\t\t<div class='gallery-icon landscape'>\n\t\t\t\t<a href='https:\/\/yah-architecture.fr\/?attachment_id=1057'><img loading=\"lazy\" decoding=\"async\" width=\"2560\" height=\"1621\" src=\"https:\/\/yah-architecture.fr\/wp-content\/uploads\/GUI06-scaled.jpg\" class=\"attachment-full size-full\" alt=\"\" srcset=\"https:\/\/yah-architecture.fr\/wp-content\/uploads\/GUI06-scaled.jpg 2560w, https:\/\/yah-architecture.fr\/wp-content\/uploads\/GUI06-300x190.jpg 300w, https:\/\/yah-architecture.fr\/wp-content\/uploads\/GUI06-1024x649.jpg 1024w, https:\/\/yah-architecture.fr\/wp-content\/uploads\/GUI06-768x486.jpg 768w, https:\/\/yah-architecture.fr\/wp-content\/uploads\/GUI06-1536x973.jpg 1536w, https:\/\/yah-architecture.fr\/wp-content\/uploads\/GUI06-2048x1297.jpg 2048w, https:\/\/yah-architecture.fr\/wp-content\/uploads\/GUI06-1200x760.jpg 1200w\" sizes=\"(max-width: 709px) 85vw, (max-width: 909px) 67vw, (max-width: 1362px) 62vw, 840px\" \/><\/a>\n\t\t\t<\/div><\/figure><figure class='gallery-item'>\n\t\t\t<div class='gallery-icon portrait'>\n\t\t\t\t<a href='https:\/\/yah-architecture.fr\/?attachment_id=1055'><img loading=\"lazy\" decoding=\"async\" width=\"1624\" height=\"2560\" src=\"https:\/\/yah-architecture.fr\/wp-content\/uploads\/GUI04-scaled.jpg\" class=\"attachment-full size-full\" alt=\"\" srcset=\"https:\/\/yah-architecture.fr\/wp-content\/uploads\/GUI04-scaled.jpg 1624w, https:\/\/yah-architecture.fr\/wp-content\/uploads\/GUI04-190x300.jpg 190w, https:\/\/yah-architecture.fr\/wp-content\/uploads\/GUI04-649x1024.jpg 649w, https:\/\/yah-architecture.fr\/wp-content\/uploads\/GUI04-768x1211.jpg 768w, https:\/\/yah-architecture.fr\/wp-content\/uploads\/GUI04-974x1536.jpg 974w, https:\/\/yah-architecture.fr\/wp-content\/uploads\/GUI04-1299x2048.jpg 1299w, https:\/\/yah-architecture.fr\/wp-content\/uploads\/GUI04-1200x1892.jpg 1200w\" sizes=\"(max-width: 709px) 85vw, (max-width: 909px) 67vw, (max-width: 1362px) 62vw, 840px\" \/><\/a>\n\t\t\t<\/div><\/figure><figure class='gallery-item'>\n\t\t\t<div class='gallery-icon landscape'>\n\t\t\t\t<a href='https:\/\/yah-architecture.fr\/?attachment_id=1056'><img loading=\"lazy\" decoding=\"async\" width=\"2560\" height=\"1617\" src=\"https:\/\/yah-architecture.fr\/wp-content\/uploads\/GUI05-scaled.jpg\" class=\"attachment-full size-full\" alt=\"\" srcset=\"https:\/\/yah-architecture.fr\/wp-content\/uploads\/GUI05-scaled.jpg 2560w, https:\/\/yah-architecture.fr\/wp-content\/uploads\/GUI05-300x190.jpg 300w, https:\/\/yah-architecture.fr\/wp-content\/uploads\/GUI05-1024x647.jpg 1024w, https:\/\/yah-architecture.fr\/wp-content\/uploads\/GUI05-768x485.jpg 768w, https:\/\/yah-architecture.fr\/wp-content\/uploads\/GUI05-1536x970.jpg 1536w, https:\/\/yah-architecture.fr\/wp-content\/uploads\/GUI05-2048x1294.jpg 2048w, https:\/\/yah-architecture.fr\/wp-content\/uploads\/GUI05-1200x758.jpg 1200w\" sizes=\"(max-width: 709px) 85vw, (max-width: 909px) 67vw, (max-width: 1362px) 62vw, 840px\" \/><\/a>\n\t\t\t<\/div><\/figure><figure class='gallery-item'>\n\t\t\t<div class='gallery-icon landscape'>\n\t\t\t\t<a href='https:\/\/yah-architecture.fr\/?attachment_id=1053'><img loading=\"lazy\" decoding=\"async\" width=\"2560\" height=\"1432\" src=\"https:\/\/yah-architecture.fr\/wp-content\/uploads\/GUI02-scaled.jpg\" class=\"attachment-full size-full\" alt=\"\" srcset=\"https:\/\/yah-architecture.fr\/wp-content\/uploads\/GUI02-scaled.jpg 2560w, https:\/\/yah-architecture.fr\/wp-content\/uploads\/GUI02-300x168.jpg 300w, https:\/\/yah-architecture.fr\/wp-content\/uploads\/GUI02-1024x573.jpg 1024w, https:\/\/yah-architecture.fr\/wp-content\/uploads\/GUI02-768x430.jpg 768w, https:\/\/yah-architecture.fr\/wp-content\/uploads\/GUI02-1536x859.jpg 1536w, https:\/\/yah-architecture.fr\/wp-content\/uploads\/GUI02-2048x1146.jpg 2048w, https:\/\/yah-architecture.fr\/wp-content\/uploads\/GUI02-1200x671.jpg 1200w\" sizes=\"(max-width: 709px) 85vw, (max-width: 909px) 67vw, (max-width: 1362px) 62vw, 840px\" \/><\/a>\n\t\t\t<\/div><\/figure>\n\t\t<\/div>\n\n<p>Sur\u00e9l\u00e9vation d&rsquo;une maison mitoyenne de plain-pied \u00e0 Les-Moutiers-en-Retz (44)<\/p>\n<p>MOA priv\u00e9e<\/p>\n<p>Mission : Etudes Pr\u00e9liminaires \u00e0 Permis de Construire<\/p>\n<p>PC accord\u00e9 octobre 2023, projet abandonn\u00e9<\/p>\n","protected":false},"excerpt":{"rendered":"<p>Sur\u00e9l\u00e9vation d&rsquo;une maison mitoyenne de plain-pied \u00e0 Les-Moutiers-en-Retz (44) MOA priv\u00e9e Mission : Etudes Pr\u00e9liminaires \u00e0 Permis de Construire PC accord\u00e9 octobre 2023, projet abandonn\u00e9<\/p>\n","protected":false},"author":1,"featured_media":0,"parent":0,"menu_order":0,"comment_status":"closed","ping_status":"closed","template":"","meta":{"footnotes":""},"_links":{"self":[{"href":"https:\/\/yah-architecture.fr\/index.php?rest_route=\/wp\/v2\/pages\/1058"}],"collection":[{"href":"https:\/\/yah-architecture.fr\/index.php?rest_route=\/wp\/v2\/pages"}],"about":[{"href":"https:\/\/yah-architecture.fr\/index.php?rest_route=\/wp\/v2\/types\/page"}],"author":[{"embeddable":true,"href":"https:\/\/yah-architecture.fr\/index.php?rest_route=\/wp\/v2\/users\/1"}],"replies":[{"embeddable":true,"href":"https:\/\/yah-architecture.fr\/index.php?rest_route=%2Fwp%2Fv2%2Fcomments&post=1058"}],"version-history":[{"count":7,"href":"https:\/\/yah-architecture.fr\/index.php?rest_route=\/wp\/v2\/pages\/1058\/revisions"}],"predecessor-version":[{"id":1091,"href":"https:\/\/yah-architecture.fr\/index.php?rest_route=\/wp\/v2\/pages\/1058\/revisions\/1091"}],"wp:attachment":[{"href":"https:\/\/yah-architecture.fr\/index.php?rest_route=%2Fwp%2Fv2%2Fmedia&parent=1058"}],"curies":[{"name":"wp","href":"https:\/\/api.w.org\/{rel}","templated":true}]}}