{"id":1025,"date":"2023-02-02T12:44:43","date_gmt":"2023-02-02T11:44:43","guid":{"rendered":"https:\/\/yah-architecture.fr\/?page_id=1025"},"modified":"2023-12-24T15:18:04","modified_gmt":"2023-12-24T14:18:04","slug":"transformation-dun-garage-en-cuisine","status":"publish","type":"page","link":"https:\/\/yah-architecture.fr\/?page_id=1025","title":{"rendered":"Transformation d&rsquo;un garage en cuisine"},"content":{"rendered":"<div id='gallery-2' class='gallery galleryid-1025 gallery-columns-1 gallery-size-full'><figure class='gallery-item'>\n\t\t\t<div class='gallery-icon portrait'>\n\t\t\t\t<a href='https:\/\/yah-architecture.fr\/?attachment_id=1019'><img loading=\"lazy\" decoding=\"async\" width=\"2402\" height=\"2560\" src=\"https:\/\/yah-architecture.fr\/wp-content\/uploads\/FAV01-scaled.jpg\" class=\"attachment-full size-full\" alt=\"\" srcset=\"https:\/\/yah-architecture.fr\/wp-content\/uploads\/FAV01-scaled.jpg 2402w, https:\/\/yah-architecture.fr\/wp-content\/uploads\/FAV01-282x300.jpg 282w, https:\/\/yah-architecture.fr\/wp-content\/uploads\/FAV01-961x1024.jpg 961w, https:\/\/yah-architecture.fr\/wp-content\/uploads\/FAV01-768x818.jpg 768w, https:\/\/yah-architecture.fr\/wp-content\/uploads\/FAV01-1441x1536.jpg 1441w, https:\/\/yah-architecture.fr\/wp-content\/uploads\/FAV01-1922x2048.jpg 1922w, https:\/\/yah-architecture.fr\/wp-content\/uploads\/FAV01-1200x1279.jpg 1200w\" sizes=\"(max-width: 709px) 85vw, (max-width: 909px) 67vw, (max-width: 1362px) 62vw, 840px\" \/><\/a>\n\t\t\t<\/div><\/figure><figure class='gallery-item'>\n\t\t\t<div class='gallery-icon landscape'>\n\t\t\t\t<a href='https:\/\/yah-architecture.fr\/?attachment_id=1020'><img loading=\"lazy\" decoding=\"async\" width=\"2560\" height=\"2370\" src=\"https:\/\/yah-architecture.fr\/wp-content\/uploads\/FAV02-scaled.jpg\" class=\"attachment-full size-full\" alt=\"\" srcset=\"https:\/\/yah-architecture.fr\/wp-content\/uploads\/FAV02-scaled.jpg 2560w, https:\/\/yah-architecture.fr\/wp-content\/uploads\/FAV02-300x278.jpg 300w, https:\/\/yah-architecture.fr\/wp-content\/uploads\/FAV02-1024x948.jpg 1024w, https:\/\/yah-architecture.fr\/wp-content\/uploads\/FAV02-768x711.jpg 768w, https:\/\/yah-architecture.fr\/wp-content\/uploads\/FAV02-1536x1422.jpg 1536w, https:\/\/yah-architecture.fr\/wp-content\/uploads\/FAV02-2048x1896.jpg 2048w, https:\/\/yah-architecture.fr\/wp-content\/uploads\/FAV02-1200x1111.jpg 1200w\" sizes=\"(max-width: 709px) 85vw, (max-width: 909px) 67vw, (max-width: 1362px) 62vw, 840px\" \/><\/a>\n\t\t\t<\/div><\/figure><figure class='gallery-item'>\n\t\t\t<div class='gallery-icon landscape'>\n\t\t\t\t<a href='https:\/\/yah-architecture.fr\/?attachment_id=1021'><img loading=\"lazy\" decoding=\"async\" width=\"2560\" height=\"1839\" src=\"https:\/\/yah-architecture.fr\/wp-content\/uploads\/FAV03-scaled.jpg\" class=\"attachment-full size-full\" alt=\"\" srcset=\"https:\/\/yah-architecture.fr\/wp-content\/uploads\/FAV03-scaled.jpg 2560w, https:\/\/yah-architecture.fr\/wp-content\/uploads\/FAV03-300x216.jpg 300w, https:\/\/yah-architecture.fr\/wp-content\/uploads\/FAV03-1024x736.jpg 1024w, https:\/\/yah-architecture.fr\/wp-content\/uploads\/FAV03-768x552.jpg 768w, https:\/\/yah-architecture.fr\/wp-content\/uploads\/FAV03-1536x1103.jpg 1536w, https:\/\/yah-architecture.fr\/wp-content\/uploads\/FAV03-2048x1471.jpg 2048w, https:\/\/yah-architecture.fr\/wp-content\/uploads\/FAV03-1200x862.jpg 1200w\" sizes=\"(max-width: 709px) 85vw, (max-width: 909px) 67vw, (max-width: 1362px) 62vw, 840px\" \/><\/a>\n\t\t\t<\/div><\/figure><figure class='gallery-item'>\n\t\t\t<div class='gallery-icon landscape'>\n\t\t\t\t<a href='https:\/\/yah-architecture.fr\/?attachment_id=1022'><img loading=\"lazy\" decoding=\"async\" width=\"2560\" height=\"1620\" src=\"https:\/\/yah-architecture.fr\/wp-content\/uploads\/FAV04-scaled.jpg\" class=\"attachment-full size-full\" alt=\"\" srcset=\"https:\/\/yah-architecture.fr\/wp-content\/uploads\/FAV04-scaled.jpg 2560w, https:\/\/yah-architecture.fr\/wp-content\/uploads\/FAV04-300x190.jpg 300w, https:\/\/yah-architecture.fr\/wp-content\/uploads\/FAV04-1024x648.jpg 1024w, https:\/\/yah-architecture.fr\/wp-content\/uploads\/FAV04-768x486.jpg 768w, https:\/\/yah-architecture.fr\/wp-content\/uploads\/FAV04-1536x972.jpg 1536w, https:\/\/yah-architecture.fr\/wp-content\/uploads\/FAV04-2048x1296.jpg 2048w, https:\/\/yah-architecture.fr\/wp-content\/uploads\/FAV04-1200x760.jpg 1200w\" sizes=\"(max-width: 709px) 85vw, (max-width: 909px) 67vw, (max-width: 1362px) 62vw, 840px\" \/><\/a>\n\t\t\t<\/div><\/figure><figure class='gallery-item'>\n\t\t\t<div class='gallery-icon landscape'>\n\t\t\t\t<a href='https:\/\/yah-architecture.fr\/?attachment_id=1023'><img loading=\"lazy\" decoding=\"async\" width=\"2560\" height=\"1620\" src=\"https:\/\/yah-architecture.fr\/wp-content\/uploads\/FAV05-scaled.jpg\" class=\"attachment-full size-full\" alt=\"\" srcset=\"https:\/\/yah-architecture.fr\/wp-content\/uploads\/FAV05-scaled.jpg 2560w, https:\/\/yah-architecture.fr\/wp-content\/uploads\/FAV05-300x190.jpg 300w, https:\/\/yah-architecture.fr\/wp-content\/uploads\/FAV05-1024x648.jpg 1024w, https:\/\/yah-architecture.fr\/wp-content\/uploads\/FAV05-768x486.jpg 768w, https:\/\/yah-architecture.fr\/wp-content\/uploads\/FAV05-1536x972.jpg 1536w, https:\/\/yah-architecture.fr\/wp-content\/uploads\/FAV05-2048x1296.jpg 2048w, https:\/\/yah-architecture.fr\/wp-content\/uploads\/FAV05-1200x759.jpg 1200w\" sizes=\"(max-width: 709px) 85vw, (max-width: 909px) 67vw, (max-width: 1362px) 62vw, 840px\" \/><\/a>\n\t\t\t<\/div><\/figure><figure class='gallery-item'>\n\t\t\t<div class='gallery-icon landscape'>\n\t\t\t\t<a href='https:\/\/yah-architecture.fr\/?attachment_id=1024'><img loading=\"lazy\" decoding=\"async\" width=\"2560\" height=\"1600\" src=\"https:\/\/yah-architecture.fr\/wp-content\/uploads\/FAV06-scaled.jpg\" class=\"attachment-full size-full\" alt=\"\" srcset=\"https:\/\/yah-architecture.fr\/wp-content\/uploads\/FAV06-scaled.jpg 2560w, https:\/\/yah-architecture.fr\/wp-content\/uploads\/FAV06-300x188.jpg 300w, https:\/\/yah-architecture.fr\/wp-content\/uploads\/FAV06-1024x640.jpg 1024w, https:\/\/yah-architecture.fr\/wp-content\/uploads\/FAV06-768x480.jpg 768w, https:\/\/yah-architecture.fr\/wp-content\/uploads\/FAV06-1536x960.jpg 1536w, https:\/\/yah-architecture.fr\/wp-content\/uploads\/FAV06-2048x1280.jpg 2048w, https:\/\/yah-architecture.fr\/wp-content\/uploads\/FAV06-1200x750.jpg 1200w\" sizes=\"(max-width: 709px) 85vw, (max-width: 909px) 67vw, (max-width: 1362px) 62vw, 840px\" \/><\/a>\n\t\t\t<\/div><\/figure><figure class='gallery-item'>\n\t\t\t<div class='gallery-icon landscape'>\n\t\t\t\t<a href='https:\/\/yah-architecture.fr\/?attachment_id=1078'><img loading=\"lazy\" decoding=\"async\" width=\"2560\" height=\"1651\" src=\"https:\/\/yah-architecture.fr\/wp-content\/uploads\/FAVchantier-scaled.jpg\" class=\"attachment-full size-full\" alt=\"\" srcset=\"https:\/\/yah-architecture.fr\/wp-content\/uploads\/FAVchantier-scaled.jpg 2560w, https:\/\/yah-architecture.fr\/wp-content\/uploads\/FAVchantier-300x194.jpg 300w, https:\/\/yah-architecture.fr\/wp-content\/uploads\/FAVchantier-1024x660.jpg 1024w, https:\/\/yah-architecture.fr\/wp-content\/uploads\/FAVchantier-768x495.jpg 768w, https:\/\/yah-architecture.fr\/wp-content\/uploads\/FAVchantier-1536x991.jpg 1536w, https:\/\/yah-architecture.fr\/wp-content\/uploads\/FAVchantier-2048x1321.jpg 2048w, https:\/\/yah-architecture.fr\/wp-content\/uploads\/FAVchantier-1200x774.jpg 1200w\" sizes=\"(max-width: 709px) 85vw, (max-width: 909px) 67vw, (max-width: 1362px) 62vw, 840px\" \/><\/a>\n\t\t\t<\/div><\/figure>\n\t\t<\/div>\n\n<p>Transformation du garage d&rsquo;une maison individuelle en cuisine \u00e0 Lambersart (59)<\/p>\n<p>MOA priv\u00e9e<\/p>\n<p>Mission : Etudes Pr\u00e9liminaires \u00e0 Permis de Construire<\/p>\n<p>PC accord\u00e9 janvier 2023, chantier en cours<\/p>\n","protected":false},"excerpt":{"rendered":"<p>Transformation du garage d&rsquo;une maison individuelle en cuisine \u00e0 Lambersart (59) MOA priv\u00e9e Mission : Etudes Pr\u00e9liminaires \u00e0 Permis de Construire PC accord\u00e9 janvier 2023, chantier en cours<\/p>\n","protected":false},"author":1,"featured_media":0,"parent":0,"menu_order":0,"comment_status":"closed","ping_status":"closed","template":"","meta":{"footnotes":""},"_links":{"self":[{"href":"https:\/\/yah-architecture.fr\/index.php?rest_route=\/wp\/v2\/pages\/1025"}],"collection":[{"href":"https:\/\/yah-architecture.fr\/index.php?rest_route=\/wp\/v2\/pages"}],"about":[{"href":"https:\/\/yah-architecture.fr\/index.php?rest_route=\/wp\/v2\/types\/page"}],"author":[{"embeddable":true,"href":"https:\/\/yah-architecture.fr\/index.php?rest_route=\/wp\/v2\/users\/1"}],"replies":[{"embeddable":true,"href":"https:\/\/yah-architecture.fr\/index.php?rest_route=%2Fwp%2Fv2%2Fcomments&post=1025"}],"version-history":[{"count":4,"href":"https:\/\/yah-architecture.fr\/index.php?rest_route=\/wp\/v2\/pages\/1025\/revisions"}],"predecessor-version":[{"id":1079,"href":"https:\/\/yah-architecture.fr\/index.php?rest_route=\/wp\/v2\/pages\/1025\/revisions\/1079"}],"wp:attachment":[{"href":"https:\/\/yah-architecture.fr\/index.php?rest_route=%2Fwp%2Fv2%2Fmedia&parent=1025"}],"curies":[{"name":"wp","href":"https:\/\/api.w.org\/{rel}","templated":true}]}}